{"id":31727,"date":"2025-02-23T13:09:34","date_gmt":"2025-02-23T17:09:34","guid":{"rendered":"https:\/\/www.suprabt.com\/blog\/"},"modified":"2026-04-20T14:00:53","modified_gmt":"2026-04-20T18:00:53","slug":"blog","status":"publish","type":"page","link":"https:\/\/www.suprabt.com\/pt-br\/blog\/","title":{"rendered":"Blog"},"content":{"rendered":"<p><div class=\"et_d4_element et_pb_section et_pb_section_0  et_pb_css_mix_blend_mode et_pb_fullwidth_section et_section_regular et_block_section\" >\n\t\t\t\t\n\t\t\t\t\n\t\t\t\t\n\t\t\t\t\n\t\t\t\t\n\t\t\t\t\n\t\t\t\t<div class=\"et_pb_module et_d4_element et_pb_fullwidth_slider_0 et_pb_slider\">\n\t\t\t\t<div class=\"et_pb_slides\">\n\t\t\t\t\t<div class=\"et_d4_element et_pb_slide et_pb_slide_0  et_pb_css_mix_blend_mode et_pb_bg_layout_dark et_pb_media_alignment_center et_pb_slider_with_text_overlay et-pb-active-slide\" data-slide-id=\"et_pb_slide_0\">\n\t\t\t\t\n\t\t\t\t\n\t\t\t\t<div class=\"et_pb_container clearfix\">\n\t\t\t\t\t<div class=\"et_pb_slider_container_inner\">\n\t\t\t\t\t\t\n\t\t\t\t\t\t<div class=\"et_pb_slide_description\">\n\t\t\t\t\t\t\t<div class=\"et_pb_text_overlay_wrapper\">\n\t\t\t\t\t<h2 class=\"et_pb_slide_title\">Blog<\/h2>\n\t\t\t\t<\/div>\n\t\t\t\t\t\t\t\n\t\t\t\t\t\t<\/div>\n\t\t\t\t\t<\/div>\n\t\t\t\t<\/div>\n\t\t\t\t\n\t\t\t\t\n\t\t\t\t\n\t\t\t<\/div>\n\t\t\t\n\t\t\t\t<\/div>\n\t\t\t\t\n\t\t\t<\/div>\n\t\t\t\n\t\t\t\t\n\t\t\t\t\n\t\t\t<\/div><div class=\"et_d4_element et_pb_section et_pb_section_1  et_pb_css_mix_blend_mode et_section_regular et_block_section\" >\n\t\t\t\t\n\t\t\t\t\n\t\t\t\t\n\t\t\t\t\n\t\t\t\t\n\t\t\t\t\n\t\t\t\t<div class=\"et_d4_element et_pb_row et_pb_row_0  et_pb_css_mix_blend_mode et_block_row\">\n\t\t\t\t<div class=\"et_d4_element et_pb_column_4_4 et_pb_column et_pb_column_0  et_pb_css_mix_blend_mode et-last-child et_block_column\">\n\t\t\t\t\n\t\t\t\t\n\t\t\t\t\n\t\t\t\t\n\t\t\t\t<div class=\"et_pb_with_border et_pb_module et_d4_element et_pb_blog_0  et_pb_css_mix_blend_mode et_pb_blog_grid_wrapper et_pb_bg_layout_light\">\n\t\t\t\t\t<div class=\"et_pb_blog_grid clearfix \">\n\t\t\t\t\t\n\t\t\t\t\t\n\t\t\t\t\t\n\t\t\t\t\t\n\t\t\t\t\t<div class=\"et_pb_ajax_pagination_container\">\n\t\t\t\t\t\t<div class=\"et_pb_salvattore_content\" data-columns>\n\t\t\t<article id=\"post-32582\" class=\"et_pb_post clearfix et_pb_blog_item_0_0 post-32582 post type-post status-publish format-standard has-post-thumbnail hentry category-nao-categorizado\">\n\n\t\t\t\t<div class=\"et_pb_image_container\"><a href=\"https:\/\/www.suprabt.com\/pt-br\/blog\/phishing-o-que-e-e-como-proteger-sua-empresa\/\" class=\"entry-featured-image-url\"><img loading=\"lazy\" decoding=\"async\" src=\"https:\/\/www.suprabt.com\/wp-content\/uploads\/2025\/05\/phishing-como-protegerse-400x250.jpg\" alt=\"Phishing: o que \u00e9 e como proteger sua empresa?\" class=\"\" srcset=\"https:\/\/www.suprabt.com\/wp-content\/uploads\/2025\/05\/phishing-como-protegerse.jpg 479w, https:\/\/www.suprabt.com\/wp-content\/uploads\/2025\/05\/phishing-como-protegerse-400x250.jpg 480w \" sizes=\"(max-width:479px) 479px, 100vw \"  width=\"400\" height=\"250\" \/><\/a><\/div>\n\t\t\t\t\t\t\t\t\t\t\t\t\t\t<h2 class=\"entry-title\">\n\t\t\t\t\t\t\t\t\t\t\t\t\t<a href=\"https:\/\/www.suprabt.com\/pt-br\/blog\/phishing-o-que-e-e-como-proteger-sua-empresa\/\">Phishing: o que \u00e9 e como proteger sua empresa?<\/a>\n\t\t\t\t\t\t\t\t\t\t\t<\/h2>\n\t\t\t\t\n\t\t\t\t\t<div class=\"post-content\"><div class=\"post-content-inner\"><p>O phishing afeta tanto os indiv\u00edduos quanto as organiza\u00e7\u00f5es, causando riscos significativos \u00e0 seguran\u00e7a. \u00c9 essencial entender como o phishing funciona. <\/p>\n<\/div><a href=\"https:\/\/www.suprabt.com\/pt-br\/blog\/phishing-o-que-e-e-como-proteger-sua-empresa\/\" class=\"more-link\">ler mais<\/a><\/div>\t\t\t\n\t\t\t<\/article>\n\t\t\t\t\n\t\t\t<article id=\"post-32588\" class=\"et_pb_post clearfix et_pb_blog_item_0_1 post-32588 post type-post status-publish format-standard has-post-thumbnail hentry category-nao-categorizado\">\n\n\t\t\t\t<div class=\"et_pb_image_container\"><a href=\"https:\/\/www.suprabt.com\/pt-br\/blog\/resiliencia-cibernetica-chaves-conceito-e-importancia-para-as-empresas\/\" class=\"entry-featured-image-url\"><img loading=\"lazy\" decoding=\"async\" src=\"https:\/\/www.suprabt.com\/wp-content\/uploads\/2025\/05\/ciberresiliencia-en-la-empresa-400x250.jpg\" alt=\"Resili\u00eancia cibern\u00e9tica: chaves, conceito e import\u00e2ncia para as empresas\" class=\"\" srcset=\"https:\/\/www.suprabt.com\/wp-content\/uploads\/2025\/05\/ciberresiliencia-en-la-empresa.jpg 479w, https:\/\/www.suprabt.com\/wp-content\/uploads\/2025\/05\/ciberresiliencia-en-la-empresa-400x250.jpg 480w \" sizes=\"(max-width:479px) 479px, 100vw \"  width=\"400\" height=\"250\" \/><\/a><\/div>\n\t\t\t\t\t\t\t\t\t\t\t\t\t\t<h2 class=\"entry-title\">\n\t\t\t\t\t\t\t\t\t\t\t\t\t<a href=\"https:\/\/www.suprabt.com\/pt-br\/blog\/resiliencia-cibernetica-chaves-conceito-e-importancia-para-as-empresas\/\">Resili\u00eancia cibern\u00e9tica: chaves, conceito e import\u00e2ncia para as empresas<\/a>\n\t\t\t\t\t\t\t\t\t\t\t<\/h2>\n\t\t\t\t\n\t\t\t\t\t<div class=\"post-content\"><div class=\"post-content-inner\"><p>A resili\u00eancia cibern\u00e9tica tornou-se um elemento essencial para as empresas. Oferecemos ao senhor um guia completo nesta postagem. <\/p>\n<\/div><a href=\"https:\/\/www.suprabt.com\/pt-br\/blog\/resiliencia-cibernetica-chaves-conceito-e-importancia-para-as-empresas\/\" class=\"more-link\">ler mais<\/a><\/div>\t\t\t\n\t\t\t<\/article>\n\t\t\t\t\n\t\t\t<article id=\"post-32267\" class=\"et_pb_post clearfix et_pb_blog_item_0_2 post-32267 post type-post status-publish format-standard has-post-thumbnail hentry category-nao-categorizado\">\n\n\t\t\t\t<div class=\"et_pb_image_container\"><a href=\"https:\/\/www.suprabt.com\/pt-br\/blog\/armazenamento-em-nuvem-para-empresas-e-pmes\/\" class=\"entry-featured-image-url\"><img loading=\"lazy\" decoding=\"async\" src=\"https:\/\/www.suprabt.com\/wp-content\/uploads\/2025\/04\/almacenamiento-en-la-nube-400x250.jpg\" alt=\"Armazenamento em nuvem para empresas e PMEs\" class=\"\" srcset=\"https:\/\/www.suprabt.com\/wp-content\/uploads\/2025\/04\/almacenamiento-en-la-nube.jpg 479w, https:\/\/www.suprabt.com\/wp-content\/uploads\/2025\/04\/almacenamiento-en-la-nube-400x250.jpg 480w \" sizes=\"(max-width:479px) 479px, 100vw \"  width=\"400\" height=\"250\" \/><\/a><\/div>\n\t\t\t\t\t\t\t\t\t\t\t\t\t\t<h2 class=\"entry-title\">\n\t\t\t\t\t\t\t\t\t\t\t\t\t<a href=\"https:\/\/www.suprabt.com\/pt-br\/blog\/armazenamento-em-nuvem-para-empresas-e-pmes\/\">Armazenamento em nuvem para empresas e PMEs<\/a>\n\t\t\t\t\t\t\t\t\t\t\t<\/h2>\n\t\t\t\t\n\t\t\t\t\t<div class=\"post-content\"><div class=\"post-content-inner\"><p>O que \u00e9 armazenamento em nuvem, aplicativos, etapas para armazenar dados com seguran\u00e7a e tend\u00eancias futuras.<\/p>\n<\/div><a href=\"https:\/\/www.suprabt.com\/pt-br\/blog\/armazenamento-em-nuvem-para-empresas-e-pmes\/\" class=\"more-link\">ler mais<\/a><\/div>\t\t\t\n\t\t\t<\/article>\n\t\t\t\t\n\t\t\t<article id=\"post-32178\" class=\"et_pb_post clearfix et_pb_blog_item_0_3 post-32178 post type-post status-publish format-standard has-post-thumbnail hentry category-nao-categorizado\">\n\n\t\t\t\t<div class=\"et_pb_image_container\"><a href=\"https:\/\/www.suprabt.com\/pt-br\/blog\/vigilancia-por-video-ip-solucoes-tecnologicas-para-sua-seguranca\/\" class=\"entry-featured-image-url\"><img loading=\"lazy\" decoding=\"async\" src=\"https:\/\/www.suprabt.com\/wp-content\/uploads\/2025\/04\/videovigilancia-ip-400x250.jpg\" alt=\"Vigil\u00e2ncia por v\u00eddeo IP: solu\u00e7\u00f5es tecnol\u00f3gicas para sua seguran\u00e7a\" class=\"\" srcset=\"https:\/\/www.suprabt.com\/wp-content\/uploads\/2025\/04\/videovigilancia-ip.jpg 479w, https:\/\/www.suprabt.com\/wp-content\/uploads\/2025\/04\/videovigilancia-ip-400x250.jpg 480w \" sizes=\"(max-width:479px) 479px, 100vw \"  width=\"400\" height=\"250\" \/><\/a><\/div>\n\t\t\t\t\t\t\t\t\t\t\t\t\t\t<h2 class=\"entry-title\">\n\t\t\t\t\t\t\t\t\t\t\t\t\t<a href=\"https:\/\/www.suprabt.com\/pt-br\/blog\/vigilancia-por-video-ip-solucoes-tecnologicas-para-sua-seguranca\/\">Vigil\u00e2ncia por v\u00eddeo IP: solu\u00e7\u00f5es tecnol\u00f3gicas para sua seguran\u00e7a<\/a>\n\t\t\t\t\t\t\t\t\t\t\t<\/h2>\n\t\t\t\t\n\t\t\t\t\t<div class=\"post-content\"><div class=\"post-content-inner\"><p>O que \u00e9 vigil\u00e2ncia por v\u00eddeo IP, vantagens e recursos, implica\u00e7\u00f5es do projeto de um sistema de vigil\u00e2ncia por v\u00eddeo IP e seu uso atualmente.<\/p>\n<\/div><a href=\"https:\/\/www.suprabt.com\/pt-br\/blog\/vigilancia-por-video-ip-solucoes-tecnologicas-para-sua-seguranca\/\" class=\"more-link\">ler mais<\/a><\/div>\t\t\t\n\t\t\t<\/article>\n\t\t\t\t\n\t\t\t<article id=\"post-31584\" class=\"et_pb_post clearfix et_pb_blog_item_0_4 post-31584 post type-post status-publish format-standard has-post-thumbnail hentry category-nao-categorizado\">\n\n\t\t\t\t<div class=\"et_pb_image_container\"><a href=\"https:\/\/www.suprabt.com\/pt-br\/blog\/ataques-de-ransomware-proteja-sua-pme-contra-essa-grave-ameaca\/\" class=\"entry-featured-image-url\"><img loading=\"lazy\" decoding=\"async\" src=\"https:\/\/www.suprabt.com\/wp-content\/uploads\/2025\/02\/Ramsonware-1024x683-1-400x250.jpg\" alt=\"Ataques de ransomware: Proteja sua PME contra essa grave amea\u00e7a!\" class=\"\" srcset=\"https:\/\/www.suprabt.com\/wp-content\/uploads\/2025\/02\/Ramsonware-1024x683-1.jpg 479w, https:\/\/www.suprabt.com\/wp-content\/uploads\/2025\/02\/Ramsonware-1024x683-1-400x250.jpg 480w \" sizes=\"(max-width:479px) 479px, 100vw \"  width=\"400\" height=\"250\" \/><\/a><\/div>\n\t\t\t\t\t\t\t\t\t\t\t\t\t\t<h2 class=\"entry-title\">\n\t\t\t\t\t\t\t\t\t\t\t\t\t<a href=\"https:\/\/www.suprabt.com\/pt-br\/blog\/ataques-de-ransomware-proteja-sua-pme-contra-essa-grave-ameaca\/\">Ataques de ransomware: Proteja sua PME contra essa grave amea\u00e7a!<\/a>\n\t\t\t\t\t\t\t\t\t\t\t<\/h2>\n\t\t\t\t\n\t\t\t\t\t<div class=\"post-content\"><div class=\"post-content-inner\"><p>Descubra como proteger sua PME contra ataques de RANSOMWARE. Conhe\u00e7a as pr\u00e1ticas recomendadas e as estrat\u00e9gias para se proteger. <\/p>\n<\/div><a href=\"https:\/\/www.suprabt.com\/pt-br\/blog\/ataques-de-ransomware-proteja-sua-pme-contra-essa-grave-ameaca\/\" class=\"more-link\">ler mais<\/a><\/div>\t\t\t\n\t\t\t<\/article>\n\t\t\t\t\n\t\t\t<article id=\"post-31500\" class=\"et_pb_post clearfix et_pb_blog_item_0_5 post-31500 post type-post status-publish format-standard has-post-thumbnail hentry category-nao-categorizado\">\n\n\t\t\t\t<div class=\"et_pb_image_container\"><a href=\"https:\/\/www.suprabt.com\/pt-br\/blog\/o-que-e-um-data-center-sua-funcao-e-importancia-em-uma-empresa\/\" class=\"entry-featured-image-url\"><img loading=\"lazy\" decoding=\"async\" src=\"https:\/\/www.suprabt.com\/wp-content\/uploads\/2025\/02\/Que-es-un-Data-Center-1-400x250.jpeg\" alt=\"O que \u00e9 um data center: sua fun\u00e7\u00e3o e import\u00e2ncia em uma empresa?\" class=\"\" srcset=\"https:\/\/www.suprabt.com\/wp-content\/uploads\/2025\/02\/Que-es-un-Data-Center-1.jpeg 479w, https:\/\/www.suprabt.com\/wp-content\/uploads\/2025\/02\/Que-es-un-Data-Center-1-400x250.jpeg 480w \" sizes=\"(max-width:479px) 479px, 100vw \"  width=\"400\" height=\"250\" \/><\/a><\/div>\n\t\t\t\t\t\t\t\t\t\t\t\t\t\t<h2 class=\"entry-title\">\n\t\t\t\t\t\t\t\t\t\t\t\t\t<a href=\"https:\/\/www.suprabt.com\/pt-br\/blog\/o-que-e-um-data-center-sua-funcao-e-importancia-em-uma-empresa\/\">O que \u00e9 um data center: sua fun\u00e7\u00e3o e import\u00e2ncia em uma empresa?<\/a>\n\t\t\t\t\t\t\t\t\t\t\t<\/h2>\n\t\t\t\t\n\t\t\t\t\t<div class=\"post-content\"><div class=\"post-content-inner\"><p>Descubra o que \u00e9 um data center e sua import\u00e2ncia no mundo digital. Descubra como eles funcionam e por que s\u00e3o essenciais em uma empresa. <\/p>\n<\/div><a href=\"https:\/\/www.suprabt.com\/pt-br\/blog\/o-que-e-um-data-center-sua-funcao-e-importancia-em-uma-empresa\/\" class=\"more-link\">ler mais<\/a><\/div>\t\t\t\n\t\t\t<\/article>\n\t\t\t\t<\/div><div><div class=\"pagination clearfix\">\n\t<div class=\"alignleft\"><\/div>\n\t<div class=\"alignright\"><\/div>\n<\/div><\/div><\/div>\n\t\t\t\t\t<\/div>\n\t\t\t\t\t \n\t\t\t\t<\/div>\n\t\t\t<\/div>\n\t\t\t\t\n\t\t\t\t\n\t\t\t\t\n\t\t\t\t\n\t\t\t<\/div>\n\t\t\t\t\n\t\t\t\t\n\t\t\t<\/div><div class=\"et_d4_element et_pb_section et_pb_section_2  et_pb_css_mix_blend_mode et_section_regular et_block_section\" >\n\t\t\t\t\n\t\t\t\t\n\t\t\t\t\n\t\t\t\t\n\t\t\t\t\n\t\t\t\t\n\t\t\t\t<div class=\"et_d4_element et_pb_row et_pb_row_1  et_pb_css_mix_blend_mode et_block_row\">\n\t\t\t\t<div class=\"et_d4_element et_pb_column_2_5 et_pb_column et_pb_column_1  et_pb_css_mix_blend_mode et_block_column\">\n\t\t\t\t\n\t\t\t\t\n\t\t\t\t\n\t\t\t\t\n\t\t\t\t<div class=\"et_pb_module et_d4_element dsm_icon_list dsm_icon_list_0\">\n\t\t\t\t\n\t\t\t\t\n\t\t\t\t\n\t\t\t\t\n\t\t\t\t\n\t\t\t\t\n\t\t\t\t<div class=\"et_pb_module_inner\">\n\t\t\t\t\t<ul class=\"dsm_icon_list_items dsm_icon_list_ltr_direction dsm_icon_list_layout_vertical\"><li class=\"et_d4_element dsm_icon_list_child dsm_icon_list_child_0\">\n\t\t\t\t\n\t\t\t\t\n\t\t\t\t\n\t\t\t\t\n\t\t\t\t<a href=\"https:\/\/www.suprabt.com\/pt-br\/blog\/\" target=\"_blank\"><span class=\"dsm_icon_list_wrapper\"><\/span><span class=\"dsm_icon_list_text\">Blog<\/span><\/a>\n\t\t\t<\/li><li class=\"et_d4_element dsm_icon_list_child dsm_icon_list_child_1\">\n\t\t\t\t\n\t\t\t\t\n\t\t\t\t\n\t\t\t\t\n\t\t\t\t<a href=\"https:\/\/www.suprabt.com\/pt-br\/impresa\/\"><span class=\"dsm_icon_list_wrapper\"><\/span><span class=\"dsm_icon_list_text\">Imprensa<\/span><\/a>\n\t\t\t<\/li><li class=\"et_d4_element dsm_icon_list_child dsm_icon_list_child_2\">\n\t\t\t\t\n\t\t\t\t\n\t\t\t\t\n\t\t\t\t\n\t\t\t\t<a href=\"https:\/\/www.linkedin.com\/company\/suprabt\" target=\"_blank\"><span class=\"dsm_icon_list_wrapper\"><\/span><span class=\"dsm_icon_list_text\">Vagas<\/span><\/a>\n\t\t\t<\/li><li class=\"et_d4_element dsm_icon_list_child dsm_icon_list_child_3\">\n\t\t\t\t\n\t\t\t\t\n\t\t\t\t\n\t\t\t\t\n\t\t\t\t<a href=\"https:\/\/www.suprabt.com\/pt-br\/responsabilidade-social-corporativa\/\"><span class=\"dsm_icon_list_wrapper\"><\/span><span class=\"dsm_icon_list_text\"> Responsabilidade Social Corporativa<\/span><\/a>\n\t\t\t<\/li><li class=\"et_d4_element dsm_icon_list_child dsm_icon_list_child_4\">\n\t\t\t\t\n\t\t\t\t\n\t\t\t\t\n\t\t\t\t\n\t\t\t\t<span class=\"dsm_icon_list_wrapper\"><\/span><span class=\"dsm_icon_list_text\">Termos de uso <\/span>\n\t\t\t<\/li><li class=\"et_d4_element dsm_icon_list_child dsm_icon_list_child_5\">\n\t\t\t\t\n\t\t\t\t\n\t\t\t\t\n\t\t\t\t\n\t\t\t\t<span class=\"dsm_icon_list_wrapper\"><\/span><span class=\"dsm_icon_list_text\">Pol\u00edtica de privacidade<\/span>\n\t\t\t<\/li><\/ul>\n\t\t\t\t<\/div>\n\t\t\t<\/div><ul class=\"et_pb_module et_d4_element et_pb_social_media_follow et_pb_social_media_follow_0 clearfix  et_pb_bg_layout_light\">\n\t\t\t\t\n\t\t\t\t\n\t\t\t\t\n\t\t\t\t\n\t\t\t\t<li\n            class='et_d4_element et_pb_social_media_follow_network_0 et_pb_social_icon et_block_module et_pb_social_network_link  et-social-facebook et_pb_social_media_follow_network'><a\n              href='https:\/\/www.facebook.com\/SupraBT\/?locale=es_LA'\n              class='icon et_pb_with_border'\n              title='Seguir no Facebook'\n               target=\"_blank\"><span\n                class='et_pb_social_media_follow_network_name'\n                aria-hidden='true'\n                >Seguir<\/span><\/a><\/li><li\n            class='et_d4_element et_pb_social_media_follow_network_1 et_pb_social_icon et_block_module et_pb_social_network_link  et-social-twitter et_pb_social_media_follow_network'><a\n              href='https:\/\/twitter.com\/SupraBT'\n              class='icon et_pb_with_border'\n              title='Seguir no X'\n               target=\"_blank\"><span\n                class='et_pb_social_media_follow_network_name'\n                aria-hidden='true'\n                >Seguir<\/span><\/a><\/li><li\n            class='et_d4_element et_pb_social_media_follow_network_2 et_pb_social_icon et_block_module et_pb_social_network_link  et-social-linkedin et_pb_social_media_follow_network'><a\n              href='https:\/\/ve.linkedin.com\/company\/suprabt'\n              class='icon et_pb_with_border'\n              title='Seguir no LinkedIn'\n               target=\"_blank\"><span\n                class='et_pb_social_media_follow_network_name'\n                aria-hidden='true'\n                >Seguir<\/span><\/a><\/li><li\n            class='et_d4_element et_pb_social_media_follow_network_3 et_pb_social_icon et_block_module et_pb_social_network_link  et-social-instagram et_pb_social_media_follow_network'><a\n              href='https:\/\/www.instagram.com\/suprabtlatam\/?hl=es'\n              class='icon et_pb_with_border'\n              title='Seguir no Instagram'\n               target=\"_blank\"><span\n                class='et_pb_social_media_follow_network_name'\n                aria-hidden='true'\n                >Seguir<\/span><\/a><\/li>\n\t\t\t<\/ul>\n\t\t\t<\/div><div class=\"et_d4_element et_pb_column_3_5 et_pb_column et_pb_column_2  et_pb_css_mix_blend_mode et-last-child et_block_column\">\n\t\t\t\t\n\t\t\t\t\n\t\t\t\t\n\t\t\t\t\n\t\t\t\t<div class=\"et_pb_module et_d4_element et_pb_text et_pb_text_0  et_pb_text_align_left et_pb_bg_layout_light\">\n\t\t\t\t\n\t\t\t\t\n\t\t\t\t\n\t\t\t\t\n\t\t\t\t<div class=\"et_pb_text_inner\"><p><img loading=\"lazy\" decoding=\"async\" src=\"https:\/\/www.suprabt.com\/wp-content\/uploads\/2023\/06\/Logo-SupraBT-e1696803666841-300x60.png\" width=\"165\" height=\"33\" alt=\"\" class=\"wp-image-3296 alignnone size-medium\"><\/p>\n<p style=\"text-align: justify\"><span style=\"font-weight: 400\">A SupraBT \u00e9 uma empresa que fornece produtos e servi\u00e7os tecnol\u00f3gicos de vanguarda, comprometida com os objetivos de seus clientes, projetando solu\u00e7\u00f5es que atendam \u00e0s suas necessidades, seguindo metodologias certificadas, contando com a tecnologia mais avan\u00e7ada de seus parceiros e alcan\u00e7ando processos de neg\u00f3cios otimizados para atingir as expectativas desejadas.<\/span><\/p><\/div>\n\t\t\t<\/div>\n\t\t\t<\/div>\n\t\t\t\t\n\t\t\t\t\n\t\t\t\t\n\t\t\t\t\n\t\t\t<\/div>\n\t\t\t\t\n\t\t\t\t\n\t\t\t<\/div><\/p>\n","protected":false},"excerpt":{"rendered":"","protected":false},"author":9,"featured_media":0,"parent":0,"menu_order":0,"comment_status":"closed","ping_status":"closed","template":"","meta":{"content-type":"","_et_pb_use_builder":"on","_et_pb_old_content":"","_et_gb_content_width":"","footnotes":""},"class_list":["post-31727","page","type-page","status-publish","hentry"],"yoast_head":"<!-- This site is optimized with the Yoast SEO plugin v27.5 - https:\/\/yoast.com\/product\/yoast-seo-wordpress\/ -->\n<title>Blog - SupraBT<\/title>\n<meta name=\"robots\" content=\"index, follow, max-snippet:-1, max-image-preview:large, max-video-preview:-1\" \/>\n<link rel=\"canonical\" href=\"https:\/\/www.suprabt.com\/pt-br\/blog\/\" \/>\n<meta property=\"og:locale\" content=\"pt_BR\" \/>\n<meta property=\"og:type\" content=\"article\" \/>\n<meta property=\"og:title\" content=\"Blog - SupraBT\" \/>\n<meta property=\"og:url\" content=\"https:\/\/www.suprabt.com\/pt-br\/blog\/\" \/>\n<meta property=\"og:site_name\" content=\"SupraBT\" \/>\n<meta property=\"article:modified_time\" content=\"2026-04-20T18:00:53+00:00\" \/>\n<meta property=\"og:image\" content=\"https:\/\/www.suprabt.com\/wp-content\/uploads\/2023\/06\/Logo-SupraBT-e1696803666841.png\" \/>\n\t<meta property=\"og:image:width\" content=\"3420\" \/>\n\t<meta property=\"og:image:height\" content=\"686\" \/>\n\t<meta property=\"og:image:type\" content=\"image\/png\" \/>\n<meta name=\"twitter:card\" content=\"summary_large_image\" \/>\n<meta name=\"twitter:label1\" content=\"Est. tempo de leitura\" \/>\n\t<meta name=\"twitter:data1\" content=\"6 minutos\" \/>\n<script type=\"application\/ld+json\" class=\"yoast-schema-graph\">{\"@context\":\"https:\\\/\\\/schema.org\",\"@graph\":[{\"@type\":\"WebPage\",\"@id\":\"https:\\\/\\\/www.suprabt.com\\\/pt-br\\\/blog\\\/\",\"url\":\"https:\\\/\\\/www.suprabt.com\\\/pt-br\\\/blog\\\/\",\"name\":\"Blog - SupraBT\",\"isPartOf\":{\"@id\":\"https:\\\/\\\/www.suprabt.com\\\/pt-br\\\/#website\"},\"primaryImageOfPage\":{\"@id\":\"https:\\\/\\\/www.suprabt.com\\\/pt-br\\\/blog\\\/#primaryimage\"},\"image\":{\"@id\":\"https:\\\/\\\/www.suprabt.com\\\/pt-br\\\/blog\\\/#primaryimage\"},\"thumbnailUrl\":\"https:\\\/\\\/www.suprabt.com\\\/wp-content\\\/uploads\\\/2023\\\/06\\\/Logo-SupraBT-e1696803666841-300x60.png\",\"datePublished\":\"2025-02-23T17:09:34+00:00\",\"dateModified\":\"2026-04-20T18:00:53+00:00\",\"breadcrumb\":{\"@id\":\"https:\\\/\\\/www.suprabt.com\\\/pt-br\\\/blog\\\/#breadcrumb\"},\"inLanguage\":\"pt-BR\",\"potentialAction\":[{\"@type\":\"ReadAction\",\"target\":[\"https:\\\/\\\/www.suprabt.com\\\/pt-br\\\/blog\\\/\"]}]},{\"@type\":\"ImageObject\",\"inLanguage\":\"pt-BR\",\"@id\":\"https:\\\/\\\/www.suprabt.com\\\/pt-br\\\/blog\\\/#primaryimage\",\"url\":\"https:\\\/\\\/www.suprabt.com\\\/wp-content\\\/uploads\\\/2023\\\/06\\\/Logo-SupraBT-e1696803666841-300x60.png\",\"contentUrl\":\"https:\\\/\\\/www.suprabt.com\\\/wp-content\\\/uploads\\\/2023\\\/06\\\/Logo-SupraBT-e1696803666841-300x60.png\"},{\"@type\":\"BreadcrumbList\",\"@id\":\"https:\\\/\\\/www.suprabt.com\\\/pt-br\\\/blog\\\/#breadcrumb\",\"itemListElement\":[{\"@type\":\"ListItem\",\"position\":1,\"name\":\"Portada\",\"item\":\"https:\\\/\\\/www.suprabt.com\\\/\"},{\"@type\":\"ListItem\",\"position\":2,\"name\":\"Blog\"}]},{\"@type\":\"WebSite\",\"@id\":\"https:\\\/\\\/www.suprabt.com\\\/pt-br\\\/#website\",\"url\":\"https:\\\/\\\/www.suprabt.com\\\/pt-br\\\/\",\"name\":\"SupraBT\",\"description\":\"Information Technology and Business Services for Latin America\",\"publisher\":{\"@id\":\"https:\\\/\\\/www.suprabt.com\\\/pt-br\\\/#organization\"},\"potentialAction\":[{\"@type\":\"SearchAction\",\"target\":{\"@type\":\"EntryPoint\",\"urlTemplate\":\"https:\\\/\\\/www.suprabt.com\\\/pt-br\\\/?s={search_term_string}\"},\"query-input\":{\"@type\":\"PropertyValueSpecification\",\"valueRequired\":true,\"valueName\":\"search_term_string\"}}],\"inLanguage\":\"pt-BR\"},{\"@type\":\"Organization\",\"@id\":\"https:\\\/\\\/www.suprabt.com\\\/pt-br\\\/#organization\",\"name\":\"SupraBT\",\"url\":\"https:\\\/\\\/www.suprabt.com\\\/pt-br\\\/\",\"logo\":{\"@type\":\"ImageObject\",\"inLanguage\":\"pt-BR\",\"@id\":\"https:\\\/\\\/www.suprabt.com\\\/pt-br\\\/#\\\/schema\\\/logo\\\/image\\\/\",\"url\":\"https:\\\/\\\/www.suprabt.com\\\/wp-content\\\/uploads\\\/2022\\\/07\\\/FINAL_logosuprabt.png\",\"contentUrl\":\"https:\\\/\\\/www.suprabt.com\\\/wp-content\\\/uploads\\\/2022\\\/07\\\/FINAL_logosuprabt.png\",\"width\":5100,\"height\":3300,\"caption\":\"SupraBT\"},\"image\":{\"@id\":\"https:\\\/\\\/www.suprabt.com\\\/pt-br\\\/#\\\/schema\\\/logo\\\/image\\\/\"}}]}<\/script>\n<!-- \/ Yoast SEO plugin. -->","yoast_head_json":{"title":"Blog - SupraBT","robots":{"index":"index","follow":"follow","max-snippet":"max-snippet:-1","max-image-preview":"max-image-preview:large","max-video-preview":"max-video-preview:-1"},"canonical":"https:\/\/www.suprabt.com\/pt-br\/blog\/","og_locale":"pt_BR","og_type":"article","og_title":"Blog - SupraBT","og_url":"https:\/\/www.suprabt.com\/pt-br\/blog\/","og_site_name":"SupraBT","article_modified_time":"2026-04-20T18:00:53+00:00","og_image":[{"width":3420,"height":686,"url":"https:\/\/www.suprabt.com\/wp-content\/uploads\/2023\/06\/Logo-SupraBT-e1696803666841.png","type":"image\/png"}],"twitter_card":"summary_large_image","twitter_misc":{"Est. tempo de leitura":"6 minutos"},"schema":{"@context":"https:\/\/schema.org","@graph":[{"@type":"WebPage","@id":"https:\/\/www.suprabt.com\/pt-br\/blog\/","url":"https:\/\/www.suprabt.com\/pt-br\/blog\/","name":"Blog - SupraBT","isPartOf":{"@id":"https:\/\/www.suprabt.com\/pt-br\/#website"},"primaryImageOfPage":{"@id":"https:\/\/www.suprabt.com\/pt-br\/blog\/#primaryimage"},"image":{"@id":"https:\/\/www.suprabt.com\/pt-br\/blog\/#primaryimage"},"thumbnailUrl":"https:\/\/www.suprabt.com\/wp-content\/uploads\/2023\/06\/Logo-SupraBT-e1696803666841-300x60.png","datePublished":"2025-02-23T17:09:34+00:00","dateModified":"2026-04-20T18:00:53+00:00","breadcrumb":{"@id":"https:\/\/www.suprabt.com\/pt-br\/blog\/#breadcrumb"},"inLanguage":"pt-BR","potentialAction":[{"@type":"ReadAction","target":["https:\/\/www.suprabt.com\/pt-br\/blog\/"]}]},{"@type":"ImageObject","inLanguage":"pt-BR","@id":"https:\/\/www.suprabt.com\/pt-br\/blog\/#primaryimage","url":"https:\/\/www.suprabt.com\/wp-content\/uploads\/2023\/06\/Logo-SupraBT-e1696803666841-300x60.png","contentUrl":"https:\/\/www.suprabt.com\/wp-content\/uploads\/2023\/06\/Logo-SupraBT-e1696803666841-300x60.png"},{"@type":"BreadcrumbList","@id":"https:\/\/www.suprabt.com\/pt-br\/blog\/#breadcrumb","itemListElement":[{"@type":"ListItem","position":1,"name":"Portada","item":"https:\/\/www.suprabt.com\/"},{"@type":"ListItem","position":2,"name":"Blog"}]},{"@type":"WebSite","@id":"https:\/\/www.suprabt.com\/pt-br\/#website","url":"https:\/\/www.suprabt.com\/pt-br\/","name":"SupraBT","description":"Information Technology and Business Services for Latin America","publisher":{"@id":"https:\/\/www.suprabt.com\/pt-br\/#organization"},"potentialAction":[{"@type":"SearchAction","target":{"@type":"EntryPoint","urlTemplate":"https:\/\/www.suprabt.com\/pt-br\/?s={search_term_string}"},"query-input":{"@type":"PropertyValueSpecification","valueRequired":true,"valueName":"search_term_string"}}],"inLanguage":"pt-BR"},{"@type":"Organization","@id":"https:\/\/www.suprabt.com\/pt-br\/#organization","name":"SupraBT","url":"https:\/\/www.suprabt.com\/pt-br\/","logo":{"@type":"ImageObject","inLanguage":"pt-BR","@id":"https:\/\/www.suprabt.com\/pt-br\/#\/schema\/logo\/image\/","url":"https:\/\/www.suprabt.com\/wp-content\/uploads\/2022\/07\/FINAL_logosuprabt.png","contentUrl":"https:\/\/www.suprabt.com\/wp-content\/uploads\/2022\/07\/FINAL_logosuprabt.png","width":5100,"height":3300,"caption":"SupraBT"},"image":{"@id":"https:\/\/www.suprabt.com\/pt-br\/#\/schema\/logo\/image\/"}}]}},"_links":{"self":[{"href":"https:\/\/www.suprabt.com\/pt-br\/wp-json\/wp\/v2\/pages\/31727","targetHints":{"allow":["GET"]}}],"collection":[{"href":"https:\/\/www.suprabt.com\/pt-br\/wp-json\/wp\/v2\/pages"}],"about":[{"href":"https:\/\/www.suprabt.com\/pt-br\/wp-json\/wp\/v2\/types\/page"}],"author":[{"embeddable":true,"href":"https:\/\/www.suprabt.com\/pt-br\/wp-json\/wp\/v2\/users\/9"}],"replies":[{"embeddable":true,"href":"https:\/\/www.suprabt.com\/pt-br\/wp-json\/wp\/v2\/comments?post=31727"}],"version-history":[{"count":23,"href":"https:\/\/www.suprabt.com\/pt-br\/wp-json\/wp\/v2\/pages\/31727\/revisions"}],"predecessor-version":[{"id":34645,"href":"https:\/\/www.suprabt.com\/pt-br\/wp-json\/wp\/v2\/pages\/31727\/revisions\/34645"}],"wp:attachment":[{"href":"https:\/\/www.suprabt.com\/pt-br\/wp-json\/wp\/v2\/media?parent=31727"}],"curies":[{"name":"wp","href":"https:\/\/api.w.org\/{rel}","templated":true}]}}