{"id":29669,"date":"2024-01-19T15:27:09","date_gmt":"2024-01-19T19:27:09","guid":{"rendered":"https:\/\/www.suprabt.com\/?page_id=29669"},"modified":"2025-06-12T11:58:57","modified_gmt":"2025-06-12T15:58:57","slug":"contate-nos","status":"publish","type":"page","link":"https:\/\/www.suprabt.com\/pt-br\/contate-nos\/","title":{"rendered":"Entre em contato conosco pelo"},"content":{"rendered":"<p><div class=\"et_d4_element et_pb_section et_pb_section_0  et_pb_css_mix_blend_mode et_pb_fullwidth_section et_section_regular et_block_section\" >\n\t\t\t\t\n\t\t\t\t\n\t\t\t\t\n\t\t\t\t\n\t\t\t\t\n\t\t\t\t\n\t\t\t\t<div class=\"et_pb_module et_d4_element et_pb_fullwidth_slider_0 et_pb_slider\">\n\t\t\t\t<div class=\"et_pb_slides\">\n\t\t\t\t\t<div class=\"et_d4_element et_pb_slide et_pb_slide_0  et_pb_css_mix_blend_mode et_pb_bg_layout_dark et_pb_media_alignment_center et_pb_slider_with_text_overlay et-pb-active-slide\" data-slide-id=\"et_pb_slide_0\">\n\t\t\t\t\n\t\t\t\t\n\t\t\t\t<div class=\"et_pb_container clearfix\">\n\t\t\t\t\t<div class=\"et_pb_slider_container_inner\">\n\t\t\t\t\t\t\n\t\t\t\t\t\t<div class=\"et_pb_slide_description\">\n\t\t\t\t\t\t\t<div class=\"et_pb_text_overlay_wrapper\">\n\t\t\t\t\t<h2 class=\"et_pb_slide_title\">Contate-nos<\/h2>\n\t\t\t\t<\/div>\n\t\t\t\t\t\t\t\n\t\t\t\t\t\t<\/div>\n\t\t\t\t\t<\/div>\n\t\t\t\t<\/div>\n\t\t\t\t\n\t\t\t\t\n\t\t\t\t\n\t\t\t<\/div>\n\t\t\t\n\t\t\t\t<\/div>\n\t\t\t\t\n\t\t\t<\/div>\n\t\t\t\n\t\t\t\t\n\t\t\t\t\n\t\t\t<\/div><div class=\"et_d4_element et_pb_section et_pb_section_1 et_pb_with_background  et_pb_css_mix_blend_mode et_section_regular et_block_section\" >\n\t\t\t\t\n\t\t\t\t\n\t\t\t\t\n\t\t\t\t\n\t\t\t\t\n\t\t\t\t\n\t\t\t\t<div class=\"et_d4_element et_pb_row et_pb_row_0  et_pb_css_mix_blend_mode et_block_row\">\n\t\t\t\t<div class=\"et_d4_element et_pb_column_4_4 et_pb_column et_pb_column_0  et_pb_css_mix_blend_mode et-last-child et_block_column\">\n\t\t\t\t\n\t\t\t\t\n\t\t\t\t\n\t\t\t\t\n\t\t\t\t<div class=\"et_pb_module et_d4_element et_pb_text et_pb_text_0  et_pb_text_align_left et_pb_bg_layout_light\">\n\t\t\t\t\n\t\t\t\t\n\t\t\t\t\n\t\t\t\t\n\t\t\t\t<div class=\"et_pb_text_inner\"><p style=\"text-align: justify;\"><span>Saiba mais sobre como a SupraBT pode ajud\u00e1-lo a navegar pela transforma\u00e7\u00e3o digital em um mundo novo e complexo. Obtenha informa\u00e7\u00f5es de especialistas em cada \u00e1rea. <\/span><\/p><\/div>\n\t\t\t<\/div>\n\t\t\t<\/div>\n\t\t\t\t\n\t\t\t\t\n\t\t\t\t\n\t\t\t\t\n\t\t\t<\/div><div class=\"et_d4_element et_pb_row et_pb_row_1  et_pb_css_mix_blend_mode et_block_row\">\n\t\t\t\t<div class=\"et_d4_element et_pb_column_1_3 et_pb_column et_pb_column_1  et_pb_css_mix_blend_mode et_block_column\">\n\t\t\t\t\n\t\t\t\t\n\t\t\t\t\n\t\t\t\t\n\t\t\t\t<div class=\"et_pb_module et_d4_element et_pb_blurb et_pb_blurb_0  et_pb_text_align_left  et_pb_blurb_position_top et_block_module et_pb_bg_layout_light\">\n\t\t\t\t\n\t\t\t\t\n\t\t\t\t\n\t\t\t\t\n\t\t\t\t<div class=\"et_pb_blurb_content\">\n\t\t\t\t\t\n\t\t\t\t\t<div class=\"et_pb_blurb_container\">\n\t\t\t\t\t\t<h4 class=\"et_pb_module_header\"><span>EUA.  <\/span><\/h4>\n\t\t\t\t\t\t<div class=\"et_pb_blurb_description\"><p style=\"text-align: center;\"><span>3355 Alhambra Circle, Ste 1100, Coral Gables, Fl 33134<\/span><br \/><span>Telefone: +1 (305) 921-9657<\/span><\/p><\/div>\n\t\t\t\t\t<\/div>\n\t\t\t\t<\/div>\n\t\t\t<\/div>\n\t\t\t<\/div><div class=\"et_d4_element et_pb_column_1_3 et_pb_column et_pb_column_2  et_pb_css_mix_blend_mode et_block_column\">\n\t\t\t\t\n\t\t\t\t\n\t\t\t\t\n\t\t\t\t\n\t\t\t\t<div class=\"et_pb_module et_d4_element et_pb_blurb et_pb_blurb_1  et_pb_text_align_left  et_pb_blurb_position_top et_block_module et_pb_bg_layout_light\">\n\t\t\t\t\n\t\t\t\t\n\t\t\t\t\n\t\t\t\t\n\t\t\t\t<div class=\"et_pb_blurb_content\">\n\t\t\t\t\t\n\t\t\t\t\t<div class=\"et_pb_blurb_container\">\n\t\t\t\t\t\t<h4 class=\"et_pb_module_header\"><span>Venezuela<\/span><\/h4>\n\t\t\t\t\t\t<div class=\"et_pb_blurb_description\" data-et-multi-view=\"{&quot;schema&quot;:{&quot;content&quot;:{&quot;desktop&quot;:&quot;&lt;p style=\\&quot;text-align: center\\&quot;&gt;&lt;span&gt;Av. R\\u00edo Caura, Centro Empresarial Torre Humboldt, 22\\u00ba andar.  &lt;\\\/span&gt;&lt;span&gt;Ofic 22-12, Prados del Este. Caracas. &lt;\\\/span&gt;&lt;br \\\/&gt;&lt;span&gt;N\\u00famero de telefone: +58-412-909-7121&lt;\\\/span&gt;&lt;\\\/p&gt;&quot;,&quot;tablet&quot;:&quot;&lt;p&gt;&lt;span&gt;Av. R\\u00edo Caura, Centro Empresarial Torre Humboldt, 22\\u00ba andar.  &lt;\\\/span&gt;&lt;span&gt;Ofic 22-12, Prados del Este. Caracas. &lt;\\\/span&gt;&lt;br \\\/&gt;&lt;span&gt;N\\u00famero de telefone: +58-412-909-7121&lt;\\\/span&gt;&lt;\\\/p&gt;&quot;,&quot;phone&quot;:&quot;&lt;p&gt;&lt;span&gt;Av. R\\u00edo Caura, Centro Empresarial Torre Humboldt, 22\\u00ba andar.  &lt;\\\/span&gt;&lt;span&gt;Ofic 22-12, Prados del Este. Caracas.  &lt;\\\/span&gt;&lt;span&gt;N\\u00famero de telefone: +58-412-909-7121&lt;\\\/span&gt;&lt;\\\/p&gt;&quot;},&quot;target&quot;:&quot;&quot;,&quot;hover_selector&quot;:&quot;&quot;},&quot;slug&quot;:&quot;et_pb_blurb&quot;}\" data-et-multi-view-load-tablet-hidden=\"true\" data-et-multi-view-load-phone-hidden=\"true\"><p style=\"text-align: center\"><span>Av. R\u00edo Caura, Centro Empresarial Torre Humboldt, 22\u00ba andar.  <\/span><span>Ofic 22-12, Prados del Este. Caracas. <\/span><br \/><span>N\u00famero de telefone: +58-412-909-7121<\/span><\/p><\/div>\n\t\t\t\t\t<\/div>\n\t\t\t\t<\/div>\n\t\t\t<\/div>\n\t\t\t<\/div><div class=\"et_d4_element et_pb_column_1_3 et_pb_column et_pb_column_3  et_pb_css_mix_blend_mode et-last-child et_block_column\">\n\t\t\t\t\n\t\t\t\t\n\t\t\t\t\n\t\t\t\t\n\t\t\t\t<div class=\"et_pb_module et_d4_element et_pb_blurb et_pb_blurb_2  et_pb_text_align_left  et_pb_blurb_position_top et_block_module et_pb_bg_layout_light\">\n\t\t\t\t\n\t\t\t\t\n\t\t\t\t\n\t\t\t\t\n\t\t\t\t<div class=\"et_pb_blurb_content\">\n\t\t\t\t\t\n\t\t\t\t\t<div class=\"et_pb_blurb_container\">\n\t\t\t\t\t\t<h4 class=\"et_pb_module_header\"><span>Chile<\/span><\/h4>\n\t\t\t\t\t\t<div class=\"et_pb_blurb_description\"><p style=\"text-align: center;\">Avenida Pedro de Valdivia 273, escrit\u00f3rio 313 \u2013 314, Providencia, Santiago \u2013 Chile. C\u00f3digo Postal: 7500524 <\/p><\/div>\n\t\t\t\t\t<\/div>\n\t\t\t\t<\/div>\n\t\t\t<\/div>\n\t\t\t<\/div>\n\t\t\t\t\n\t\t\t\t\n\t\t\t\t\n\t\t\t\t\n\t\t\t<\/div><div class=\"et_d4_element et_pb_row et_pb_row_2  et_pb_css_mix_blend_mode et_block_row\">\n\t\t\t\t<div class=\"et_d4_element et_pb_column_1_2 et_pb_column et_pb_column_4  et_pb_css_mix_blend_mode et_block_column\">\n\t\t\t\t\n\t\t\t\t\n\t\t\t\t\n\t\t\t\t\n\t\t\t\t<div class=\"et_pb_module et_d4_element et_pb_text et_pb_text_1  et_pb_text_align_left et_pb_bg_layout_light\">\n\t\t\t\t\n\t\t\t\t\n\t\t\t\t\n\t\t\t\t\n\t\t\t\t<div class=\"et_pb_text_inner\"><h2 style=\"text-align: left;\">Envie sua pergunta aqui e responderemos o mais r\u00e1pido poss\u00edvel.<\/h2><\/div>\n\t\t\t<\/div>\n\t\t\t<div id=\"et_pb_contact_form_0\" class=\"et_pb_with_border et_pb_module et_d4_element et_pb_contact_form_0 et_pb_contact_form_container clearfix  et_pb_text_align_left et_block_module\" data-form_unique_num=\"0\" data-form_unique_id=\"906c85af-c8b0-47e4-a9e8-a2fb37f0be3d\">\n\t\t\t\t\n\t\t\t\t\n\t\t\t\t\n\t\t\t\t\n\t\t\t\t\n\t\t\t\t<div class=\"et-pb-contact-message\"><\/div>\n\t\t\t\t\n\t\t\t\t<div class=\"et_pb_contact\">\n\t\t\t\t\t<form class=\"et_pb_contact_form clearfix\" method=\"post\" action=\"https:\/\/www.suprabt.com\/pt-br\/wp-json\/wp\/v2\/pages\/29669\">\n\t\t\t\t\t\t<p class=\"et_d4_element et_pb_contact_field et_pb_contact_field_0 et_pb_contact_field_half\" data-id=\"name\" data-type=\"input\">\n\t\t\t\t\n\t\t\t\t\n\t\t\t\t\n\t\t\t\t\n\t\t\t\t<label for=\"et_pb_contact_name_0\" class=\"et_pb_contact_form_label\">Nome  <\/label>\n\t\t\t\t<input type=\"text\" id=\"et_pb_contact_name_0\" class=\"input\" value=\"\" name=\"et_pb_contact_name_0\" data-required_mark=\"required\" data-field_type=\"input\" data-original_id=\"name\" placeholder=\"Nome  \">\n\t\t\t<\/p><p class=\"et_d4_element et_pb_contact_field et_pb_contact_field_1 et_pb_contact_field_half et_pb_contact_field_last\" data-id=\"email\" data-type=\"email\">\n\t\t\t\t\n\t\t\t\t\n\t\t\t\t\n\t\t\t\t\n\t\t\t\t<label for=\"et_pb_contact_email_0\" class=\"et_pb_contact_form_label\">E-mail  <\/label>\n\t\t\t\t<input type=\"text\" id=\"et_pb_contact_email_0\" class=\"input\" value=\"\" name=\"et_pb_contact_email_0\" data-required_mark=\"required\" data-field_type=\"email\" data-original_id=\"email\" placeholder=\"E-mail  \">\n\t\t\t<\/p><p class=\"et_d4_element et_pb_contact_field et_pb_contact_field_2 et_pb_contact_field_last\" data-id=\"message\" data-type=\"text\">\n\t\t\t\t\n\t\t\t\t\n\t\t\t\t\n\t\t\t\t\n\t\t\t\t<label for=\"et_pb_contact_message_0\" class=\"et_pb_contact_form_label\">Mensagem<\/label>\n\t\t\t\t<textarea name=\"et_pb_contact_message_0\" id=\"et_pb_contact_message_0\" class=\"et_pb_contact_message input\" data-required_mark=\"required\" data-field_type=\"text\" data-original_id=\"message\" placeholder=\"Mensagem\"><\/textarea>\n\t\t\t<\/p>\n\t\t\t\t\t\t<input type=\"hidden\" value=\"et_contact_proccess\" name=\"et_pb_contactform_submit_0\"\/>\n\t\t\t\t\t\t<div class=\"et_contact_bottom_container\">\n\t\t\t\t\t\t\t\n\t\t\t<div class=\"et_pb_contact_right et_pb_contact_field\">\n\t\t\t\t<p class=\"clearfix\">\n\t\t\t\t\t<span class=\"et_pb_contact_captcha_question\">12 + 4<\/span> = <input type=\"text\" size=\"2\" class=\"input et_pb_contact_captcha\" data-first_digit=\"12\" data-second_digit=\"4\" value=\"\" name=\"et_pb_contact_captcha_0\" data-required_mark=\"required\" autocomplete=\"off\">\n\t\t\t\t<\/p>\n\t\t\t<\/div>\n\t\t\t\t\t\t\t<button type=\"submit\" name=\"et_builder_submit_button\" class=\"et_pb_contact_submit et_pb_button\">Enviar<\/button>\n\t\t\t\t\t\t<\/div>\n\t\t\t\t\t\t<input type=\"hidden\" id=\"_wpnonce-et-pb-contact-form-submitted-0\" name=\"_wpnonce-et-pb-contact-form-submitted-0\" value=\"a039b1cc2c\" \/><input type=\"hidden\" name=\"_wp_http_referer\" value=\"\/pt-br\/wp-json\/wp\/v2\/pages\/29669\" \/>\n\t\t\t\t\t<\/form>\n\t\t\t\t<\/div>\n\t\t\t<\/div>\n\t\t\t\n\t\t\t<\/div><div class=\"et_d4_element et_pb_column_1_2 et_pb_column et_pb_column_5  et_pb_css_mix_blend_mode et-last-child et_block_column\">\n\t\t\t\t\n\t\t\t\t\n\t\t\t\t\n\t\t\t\t\n\t\t\t\t<div class=\"et_pb_module et_d4_element dsm_perspective_image dsm_perspective_image_0\">\n\t\t\t\t\n\t\t\t\t\n\t\t\t\t\n\t\t\t\t\n\t\t\t\t\n\t\t\t\t\n\t\t\t\t<div class=\"et_pb_module_inner\">\n\t\t\t\t\t<div class=\"dsm-perspective-image-wrapper et_always_center_on_mobile\">\n\t\t\t\t\n\t\t\t\t\n\t\t\t\t<span class=\"et_pb_image_wrap \"><img decoding=\"async\" src=\"https:\/\/www.suprabt.com\/wp-content\/uploads\/2023\/10\/Mapa-SupraBT.png\" alt=\"\" title=\"Mapa-SupraBT\" \/><\/span>\n\t\t\t<\/div>\n\t\t\t\t<\/div>\n\t\t\t<\/div>\n\t\t\t<\/div>\n\t\t\t\t\n\t\t\t\t\n\t\t\t\t\n\t\t\t\t\n\t\t\t<\/div>\n\t\t\t\t\n\t\t\t\t\n\t\t\t<\/div><div class=\"et_d4_element et_pb_section et_pb_section_2  et_pb_css_mix_blend_mode et_section_regular et_block_section\" >\n\t\t\t\t\n\t\t\t\t\n\t\t\t\t\n\t\t\t\t\n\t\t\t\t\n\t\t\t\t\n\t\t\t\t<div class=\"et_d4_element et_pb_row et_pb_row_3  et_pb_css_mix_blend_mode et_block_row\">\n\t\t\t\t<div class=\"et_d4_element et_pb_column_2_5 et_pb_column et_pb_column_6  et_pb_css_mix_blend_mode et_block_column\">\n\t\t\t\t\n\t\t\t\t\n\t\t\t\t\n\t\t\t\t\n\t\t\t\t<div class=\"et_pb_module et_d4_element dsm_icon_list dsm_icon_list_0\">\n\t\t\t\t\n\t\t\t\t\n\t\t\t\t\n\t\t\t\t\n\t\t\t\t\n\t\t\t\t\n\t\t\t\t<div class=\"et_pb_module_inner\">\n\t\t\t\t\t<ul class=\"dsm_icon_list_items dsm_icon_list_ltr_direction dsm_icon_list_layout_vertical\"><li class=\"et_d4_element dsm_icon_list_child dsm_icon_list_child_0\">\n\t\t\t\t\n\t\t\t\t\n\t\t\t\t\n\t\t\t\t\n\t\t\t\t<a href=\"https:\/\/www.suprabt.com\/impresa\/?lang=pt-br\"><span class=\"dsm_icon_list_wrapper\"><\/span><span class=\"dsm_icon_list_text\">Imprensa<\/span><\/a>\n\t\t\t<\/li><li class=\"et_d4_element dsm_icon_list_child dsm_icon_list_child_1\">\n\t\t\t\t\n\t\t\t\t\n\t\t\t\t\n\t\t\t\t\n\t\t\t\t<a href=\"https:\/\/www.linkedin.com\/company\/suprabt\" target=\"_blank\"><span class=\"dsm_icon_list_wrapper\"><\/span><span class=\"dsm_icon_list_text\">Vagas<\/span><\/a>\n\t\t\t<\/li><li class=\"et_d4_element dsm_icon_list_child dsm_icon_list_child_2\">\n\t\t\t\t\n\t\t\t\t\n\t\t\t\t\n\t\t\t\t\n\t\t\t\t<a href=\"https:\/\/www.suprabt.com\/responsabilidade-social-corporativa\/?lang=pt-br\"><span class=\"dsm_icon_list_wrapper\"><\/span><span class=\"dsm_icon_list_text\"> Responsabilidade Social Corporativa<\/span><\/a>\n\t\t\t<\/li><li class=\"et_d4_element dsm_icon_list_child dsm_icon_list_child_3\">\n\t\t\t\t\n\t\t\t\t\n\t\t\t\t\n\t\t\t\t\n\t\t\t\t<span class=\"dsm_icon_list_wrapper\"><\/span><span class=\"dsm_icon_list_text\">Termos de uso <\/span>\n\t\t\t<\/li><li class=\"et_d4_element dsm_icon_list_child dsm_icon_list_child_4\">\n\t\t\t\t\n\t\t\t\t\n\t\t\t\t\n\t\t\t\t\n\t\t\t\t<span class=\"dsm_icon_list_wrapper\"><\/span><span class=\"dsm_icon_list_text\">Pol\u00edtica de privacidade<\/span>\n\t\t\t<\/li><\/ul>\n\t\t\t\t<\/div>\n\t\t\t<\/div><ul class=\"et_pb_module et_d4_element et_pb_social_media_follow et_pb_social_media_follow_0 clearfix  et_pb_bg_layout_light\">\n\t\t\t\t\n\t\t\t\t\n\t\t\t\t\n\t\t\t\t\n\t\t\t\t<li\n            class='et_d4_element et_pb_social_media_follow_network_0 et_pb_social_icon et_block_module et_pb_social_network_link  et-social-facebook et_pb_social_media_follow_network'><a\n              href='https:\/\/www.facebook.com\/SupraBT\/?locale=es_LA'\n              class='icon et_pb_with_border'\n              title='Seguir no Facebook'\n               target=\"_blank\"><span\n                class='et_pb_social_media_follow_network_name'\n                aria-hidden='true'\n                >Seguir<\/span><\/a><\/li><li\n            class='et_d4_element et_pb_social_media_follow_network_1 et_pb_social_icon et_block_module et_pb_social_network_link  et-social-twitter et_pb_social_media_follow_network'><a\n              href='https:\/\/twitter.com\/SupraBT'\n              class='icon et_pb_with_border'\n              title='Seguir no X'\n               target=\"_blank\"><span\n                class='et_pb_social_media_follow_network_name'\n                aria-hidden='true'\n                >Seguir<\/span><\/a><\/li><li\n            class='et_d4_element et_pb_social_media_follow_network_2 et_pb_social_icon et_block_module et_pb_social_network_link  et-social-linkedin et_pb_social_media_follow_network'><a\n              href='https:\/\/ve.linkedin.com\/company\/suprabt'\n              class='icon et_pb_with_border'\n              title='Seguir no LinkedIn'\n               target=\"_blank\"><span\n                class='et_pb_social_media_follow_network_name'\n                aria-hidden='true'\n                >Seguir<\/span><\/a><\/li><li\n            class='et_d4_element et_pb_social_media_follow_network_3 et_pb_social_icon et_block_module et_pb_social_network_link  et-social-instagram et_pb_social_media_follow_network'><a\n              href='https:\/\/www.instagram.com\/suprabtlatam\/?hl=es'\n              class='icon et_pb_with_border'\n              title='Seguir no Instagram'\n               target=\"_blank\"><span\n                class='et_pb_social_media_follow_network_name'\n                aria-hidden='true'\n                >Seguir<\/span><\/a><\/li>\n\t\t\t<\/ul>\n\t\t\t<\/div><div class=\"et_d4_element et_pb_column_3_5 et_pb_column et_pb_column_7  et_pb_css_mix_blend_mode et-last-child et_block_column\">\n\t\t\t\t\n\t\t\t\t\n\t\t\t\t\n\t\t\t\t\n\t\t\t\t<div class=\"et_pb_module et_d4_element et_pb_text et_pb_text_2  et_pb_text_align_left et_pb_bg_layout_light\">\n\t\t\t\t\n\t\t\t\t\n\t\t\t\t\n\t\t\t\t\n\t\t\t\t<div class=\"et_pb_text_inner\"><p><img loading=\"lazy\" decoding=\"async\" src=\"https:\/\/www.suprabt.com\/wp-content\/uploads\/2023\/06\/Logo-SupraBT-e1696803666841-300x60.png\" width=\"165\" height=\"33\" alt=\"\" class=\"wp-image-3296 alignnone size-medium\"><\/p>\n<p style=\"text-align: justify\"><span style=\"font-weight: 400\">A SupraBT \u00e9 uma empresa que fornece produtos e servi\u00e7os tecnol\u00f3gicos de vanguarda, comprometida com os objetivos de seus clientes, projetando solu\u00e7\u00f5es que atendam \u00e0s suas necessidades, seguindo metodologias certificadas, contando com a tecnologia mais avan\u00e7ada de seus parceiros e alcan\u00e7ando processos de neg\u00f3cios otimizados para atingir as expectativas desejadas.<\/span><\/p><\/div>\n\t\t\t<\/div>\n\t\t\t<\/div>\n\t\t\t\t\n\t\t\t\t\n\t\t\t\t\n\t\t\t\t\n\t\t\t<\/div>\n\t\t\t\t\n\t\t\t\t\n\t\t\t<\/div><\/p>\n","protected":false},"excerpt":{"rendered":"","protected":false},"author":1,"featured_media":0,"parent":0,"menu_order":0,"comment_status":"closed","ping_status":"closed","template":"","meta":{"content-type":"","_et_pb_use_builder":"on","_et_pb_old_content":"","_et_gb_content_width":"","footnotes":""},"class_list":["post-29669","page","type-page","status-publish","hentry"],"yoast_head":"<!-- This site is optimized with the Yoast SEO plugin v27.5 - https:\/\/yoast.com\/product\/yoast-seo-wordpress\/ -->\n<title>Entre em contato conosco pelo - SupraBT<\/title>\n<meta name=\"robots\" content=\"index, follow, max-snippet:-1, max-image-preview:large, max-video-preview:-1\" \/>\n<link rel=\"canonical\" href=\"https:\/\/www.suprabt.com\/pt-br\/contate-nos\/\" \/>\n<meta property=\"og:locale\" content=\"pt_BR\" \/>\n<meta property=\"og:type\" content=\"article\" \/>\n<meta property=\"og:title\" content=\"Entre em contato conosco pelo - SupraBT\" \/>\n<meta property=\"og:url\" content=\"https:\/\/www.suprabt.com\/pt-br\/contate-nos\/\" \/>\n<meta property=\"og:site_name\" content=\"SupraBT\" \/>\n<meta property=\"article:modified_time\" content=\"2025-06-12T15:58:57+00:00\" \/>\n<meta property=\"og:image\" content=\"https:\/\/www.suprabt.com\/wp-content\/uploads\/2023\/06\/Logo-SupraBT-e1696803666841-300x60.png\" \/>\n<meta name=\"twitter:card\" content=\"summary_large_image\" \/>\n<meta name=\"twitter:label1\" content=\"Est. tempo de leitura\" \/>\n\t<meta name=\"twitter:data1\" content=\"11 minutos\" \/>\n<script type=\"application\/ld+json\" class=\"yoast-schema-graph\">{\"@context\":\"https:\\\/\\\/schema.org\",\"@graph\":[{\"@type\":\"WebPage\",\"@id\":\"https:\\\/\\\/www.suprabt.com\\\/pt-br\\\/contate-nos\\\/\",\"url\":\"https:\\\/\\\/www.suprabt.com\\\/pt-br\\\/contate-nos\\\/\",\"name\":\"Entre em contato conosco pelo - SupraBT\",\"isPartOf\":{\"@id\":\"https:\\\/\\\/www.suprabt.com\\\/pt-br\\\/#website\"},\"primaryImageOfPage\":{\"@id\":\"https:\\\/\\\/www.suprabt.com\\\/pt-br\\\/contate-nos\\\/#primaryimage\"},\"image\":{\"@id\":\"https:\\\/\\\/www.suprabt.com\\\/pt-br\\\/contate-nos\\\/#primaryimage\"},\"thumbnailUrl\":\"https:\\\/\\\/www.suprabt.com\\\/wp-content\\\/uploads\\\/2023\\\/06\\\/Logo-SupraBT-e1696803666841-300x60.png\",\"datePublished\":\"2024-01-19T19:27:09+00:00\",\"dateModified\":\"2025-06-12T15:58:57+00:00\",\"breadcrumb\":{\"@id\":\"https:\\\/\\\/www.suprabt.com\\\/pt-br\\\/contate-nos\\\/#breadcrumb\"},\"inLanguage\":\"pt-BR\",\"potentialAction\":[{\"@type\":\"ReadAction\",\"target\":[\"https:\\\/\\\/www.suprabt.com\\\/pt-br\\\/contate-nos\\\/\"]}]},{\"@type\":\"ImageObject\",\"inLanguage\":\"pt-BR\",\"@id\":\"https:\\\/\\\/www.suprabt.com\\\/pt-br\\\/contate-nos\\\/#primaryimage\",\"url\":\"https:\\\/\\\/www.suprabt.com\\\/wp-content\\\/uploads\\\/2023\\\/06\\\/Logo-SupraBT-e1696803666841-300x60.png\",\"contentUrl\":\"https:\\\/\\\/www.suprabt.com\\\/wp-content\\\/uploads\\\/2023\\\/06\\\/Logo-SupraBT-e1696803666841-300x60.png\"},{\"@type\":\"BreadcrumbList\",\"@id\":\"https:\\\/\\\/www.suprabt.com\\\/pt-br\\\/contate-nos\\\/#breadcrumb\",\"itemListElement\":[{\"@type\":\"ListItem\",\"position\":1,\"name\":\"Portada\",\"item\":\"https:\\\/\\\/www.suprabt.com\\\/\"},{\"@type\":\"ListItem\",\"position\":2,\"name\":\"Entre em contato conosco pelo\"}]},{\"@type\":\"WebSite\",\"@id\":\"https:\\\/\\\/www.suprabt.com\\\/pt-br\\\/#website\",\"url\":\"https:\\\/\\\/www.suprabt.com\\\/pt-br\\\/\",\"name\":\"SupraBT\",\"description\":\"Information Technology and Business Services for Latin America\",\"publisher\":{\"@id\":\"https:\\\/\\\/www.suprabt.com\\\/pt-br\\\/#organization\"},\"potentialAction\":[{\"@type\":\"SearchAction\",\"target\":{\"@type\":\"EntryPoint\",\"urlTemplate\":\"https:\\\/\\\/www.suprabt.com\\\/pt-br\\\/?s={search_term_string}\"},\"query-input\":{\"@type\":\"PropertyValueSpecification\",\"valueRequired\":true,\"valueName\":\"search_term_string\"}}],\"inLanguage\":\"pt-BR\"},{\"@type\":\"Organization\",\"@id\":\"https:\\\/\\\/www.suprabt.com\\\/pt-br\\\/#organization\",\"name\":\"SupraBT\",\"url\":\"https:\\\/\\\/www.suprabt.com\\\/pt-br\\\/\",\"logo\":{\"@type\":\"ImageObject\",\"inLanguage\":\"pt-BR\",\"@id\":\"https:\\\/\\\/www.suprabt.com\\\/pt-br\\\/#\\\/schema\\\/logo\\\/image\\\/\",\"url\":\"https:\\\/\\\/www.suprabt.com\\\/wp-content\\\/uploads\\\/2022\\\/07\\\/FINAL_logosuprabt.png\",\"contentUrl\":\"https:\\\/\\\/www.suprabt.com\\\/wp-content\\\/uploads\\\/2022\\\/07\\\/FINAL_logosuprabt.png\",\"width\":5100,\"height\":3300,\"caption\":\"SupraBT\"},\"image\":{\"@id\":\"https:\\\/\\\/www.suprabt.com\\\/pt-br\\\/#\\\/schema\\\/logo\\\/image\\\/\"}}]}<\/script>\n<!-- \/ Yoast SEO plugin. -->","yoast_head_json":{"title":"Entre em contato conosco pelo - SupraBT","robots":{"index":"index","follow":"follow","max-snippet":"max-snippet:-1","max-image-preview":"max-image-preview:large","max-video-preview":"max-video-preview:-1"},"canonical":"https:\/\/www.suprabt.com\/pt-br\/contate-nos\/","og_locale":"pt_BR","og_type":"article","og_title":"Entre em contato conosco pelo - SupraBT","og_url":"https:\/\/www.suprabt.com\/pt-br\/contate-nos\/","og_site_name":"SupraBT","article_modified_time":"2025-06-12T15:58:57+00:00","og_image":[{"url":"https:\/\/www.suprabt.com\/wp-content\/uploads\/2023\/06\/Logo-SupraBT-e1696803666841-300x60.png","type":"","width":"","height":""}],"twitter_card":"summary_large_image","twitter_misc":{"Est. tempo de leitura":"11 minutos"},"schema":{"@context":"https:\/\/schema.org","@graph":[{"@type":"WebPage","@id":"https:\/\/www.suprabt.com\/pt-br\/contate-nos\/","url":"https:\/\/www.suprabt.com\/pt-br\/contate-nos\/","name":"Entre em contato conosco pelo - SupraBT","isPartOf":{"@id":"https:\/\/www.suprabt.com\/pt-br\/#website"},"primaryImageOfPage":{"@id":"https:\/\/www.suprabt.com\/pt-br\/contate-nos\/#primaryimage"},"image":{"@id":"https:\/\/www.suprabt.com\/pt-br\/contate-nos\/#primaryimage"},"thumbnailUrl":"https:\/\/www.suprabt.com\/wp-content\/uploads\/2023\/06\/Logo-SupraBT-e1696803666841-300x60.png","datePublished":"2024-01-19T19:27:09+00:00","dateModified":"2025-06-12T15:58:57+00:00","breadcrumb":{"@id":"https:\/\/www.suprabt.com\/pt-br\/contate-nos\/#breadcrumb"},"inLanguage":"pt-BR","potentialAction":[{"@type":"ReadAction","target":["https:\/\/www.suprabt.com\/pt-br\/contate-nos\/"]}]},{"@type":"ImageObject","inLanguage":"pt-BR","@id":"https:\/\/www.suprabt.com\/pt-br\/contate-nos\/#primaryimage","url":"https:\/\/www.suprabt.com\/wp-content\/uploads\/2023\/06\/Logo-SupraBT-e1696803666841-300x60.png","contentUrl":"https:\/\/www.suprabt.com\/wp-content\/uploads\/2023\/06\/Logo-SupraBT-e1696803666841-300x60.png"},{"@type":"BreadcrumbList","@id":"https:\/\/www.suprabt.com\/pt-br\/contate-nos\/#breadcrumb","itemListElement":[{"@type":"ListItem","position":1,"name":"Portada","item":"https:\/\/www.suprabt.com\/"},{"@type":"ListItem","position":2,"name":"Entre em contato conosco pelo"}]},{"@type":"WebSite","@id":"https:\/\/www.suprabt.com\/pt-br\/#website","url":"https:\/\/www.suprabt.com\/pt-br\/","name":"SupraBT","description":"Information Technology and Business Services for Latin America","publisher":{"@id":"https:\/\/www.suprabt.com\/pt-br\/#organization"},"potentialAction":[{"@type":"SearchAction","target":{"@type":"EntryPoint","urlTemplate":"https:\/\/www.suprabt.com\/pt-br\/?s={search_term_string}"},"query-input":{"@type":"PropertyValueSpecification","valueRequired":true,"valueName":"search_term_string"}}],"inLanguage":"pt-BR"},{"@type":"Organization","@id":"https:\/\/www.suprabt.com\/pt-br\/#organization","name":"SupraBT","url":"https:\/\/www.suprabt.com\/pt-br\/","logo":{"@type":"ImageObject","inLanguage":"pt-BR","@id":"https:\/\/www.suprabt.com\/pt-br\/#\/schema\/logo\/image\/","url":"https:\/\/www.suprabt.com\/wp-content\/uploads\/2022\/07\/FINAL_logosuprabt.png","contentUrl":"https:\/\/www.suprabt.com\/wp-content\/uploads\/2022\/07\/FINAL_logosuprabt.png","width":5100,"height":3300,"caption":"SupraBT"},"image":{"@id":"https:\/\/www.suprabt.com\/pt-br\/#\/schema\/logo\/image\/"}}]}},"_links":{"self":[{"href":"https:\/\/www.suprabt.com\/pt-br\/wp-json\/wp\/v2\/pages\/29669","targetHints":{"allow":["GET"]}}],"collection":[{"href":"https:\/\/www.suprabt.com\/pt-br\/wp-json\/wp\/v2\/pages"}],"about":[{"href":"https:\/\/www.suprabt.com\/pt-br\/wp-json\/wp\/v2\/types\/page"}],"author":[{"embeddable":true,"href":"https:\/\/www.suprabt.com\/pt-br\/wp-json\/wp\/v2\/users\/1"}],"replies":[{"embeddable":true,"href":"https:\/\/www.suprabt.com\/pt-br\/wp-json\/wp\/v2\/comments?post=29669"}],"version-history":[{"count":25,"href":"https:\/\/www.suprabt.com\/pt-br\/wp-json\/wp\/v2\/pages\/29669\/revisions"}],"predecessor-version":[{"id":32764,"href":"https:\/\/www.suprabt.com\/pt-br\/wp-json\/wp\/v2\/pages\/29669\/revisions\/32764"}],"wp:attachment":[{"href":"https:\/\/www.suprabt.com\/pt-br\/wp-json\/wp\/v2\/media?parent=29669"}],"curies":[{"name":"wp","href":"https:\/\/api.w.org\/{rel}","templated":true}]}}