{"id":29660,"date":"2024-01-19T15:59:10","date_gmt":"2024-01-19T19:59:10","guid":{"rendered":"https:\/\/www.suprabt.com\/?page_id=29660"},"modified":"2026-04-27T07:48:54","modified_gmt":"2026-04-27T11:48:54","slug":"impresa","status":"publish","type":"page","link":"https:\/\/www.suprabt.com\/pt-br\/impresa\/","title":{"rendered":"Imprensa"},"content":{"rendered":"<div class=\"et_d4_element et_pb_section et_pb_section_0 et_pb_with_background  et_pb_css_mix_blend_mode et_section_regular et_block_section\" >\n\t\t\t\t\n\t\t\t\t\n\t\t\t\t\n\t\t\t\t\n\t\t\t\t\n\t\t\t\t\n\t\t\t\t<div class=\"et_d4_element et_pb_row et_pb_row_1  et_pb_css_mix_blend_mode et_block_row\">\n\t\t\t\t<div class=\"et_d4_element et_pb_column_4_4 et_pb_column et_pb_column_0  et_pb_css_mix_blend_mode et-last-child et_block_column\">\n\t\t\t\t\n\t\t\t\t\n\t\t\t\t\n\t\t\t\t\n\t\t\t\t<div class=\"et_pb_module et_d4_element et_pb_slider et_pb_slider_0 et_pb_slider_fullwidth_off\">\n\t\t\t\t<div class=\"et_pb_slides\">\n\t\t\t\t\t<div class=\"et_d4_element et_pb_slide et_pb_slide_0  et_pb_css_mix_blend_mode et_pb_bg_layout_dark et_pb_media_alignment_center et-pb-active-slide\" data-slide-id=\"et_pb_slide_0\">\n\t\t\t\t\n\t\t\t\t\n\t\t\t\t<div class=\"et_pb_container clearfix\">\n\t\t\t\t\t<div class=\"et_pb_slider_container_inner\">\n\t\t\t\t\t\t\n\t\t\t\t\t\t<div class=\"et_pb_slide_description\">\n\t\t\t\t\t\t\t<div class=\"et_pb_slide_content\"><p><img loading=\"lazy\" decoding=\"async\" src=\"https:\/\/www.suprabt.com\/wp-content\/uploads\/2024\/01\/Logo-SupraBT-02-e1704342069313-300x67.png\" width=\"268\" height=\"60\" alt=\"\" class=\"wp-image-29644 alignnone size-medium\"><\/p>\n<p style=\"text-align: justify;\"><strong>A SupraBT, l\u00edder em solu\u00e7\u00f5es tecnol\u00f3gicas, anuncia com orgulho o seu novo status como Acronis Gold Service Provider.<\/strong><\/p>\n<p>A Acronis \u00e9 uma empresa especializada em solu\u00e7\u00f5es de prote\u00e7\u00e3o e gerenciamento de dados, oferecendo produtos e servi\u00e7os para backup, armazenamento, recupera\u00e7\u00e3o e prote\u00e7\u00e3o de informa\u00e7\u00f5es digitais.<\/p>\n<p>Este reconhecimento destaca nosso compromisso com a excel\u00eancia em prote\u00e7\u00e3o cibern\u00e9tica e nos permite oferecer benef\u00edcios significativos aos nossos clientes.<\/p>\n<p>Ao atingir este n\u00edvel, a SupraBT acede a recursos avan\u00e7ados, suporte t\u00e9cnico especializado e forma\u00e7\u00e3o na Acronis Academy. Isso garante que nossa equipe esteja sempre atualizada e preparada para enfrentar os mais complexos desafios de seguran\u00e7a cibern\u00e9tica. <\/p>\n<p>Para nossos clientes, isso significa solu\u00e7\u00f5es de prote\u00e7\u00e3o de dados l\u00edderes do setor, suporte t\u00e9cnico 24 horas por dia, 7 dias por semana e estrat\u00e9gias de seguran\u00e7a personalizadas. Tudo isto contribui para uma maior resili\u00eancia e efici\u00eancia operacional. <\/p>\n<p>Essa conquista reafirma nossa dedica\u00e7\u00e3o \u00e0 satisfa\u00e7\u00e3o do cliente e nossa capacidade de oferecer servi\u00e7os tecnol\u00f3gicos de ponta.<\/p>\n<p style=\"text-align: right;\">7 de agosto de 2024<\/p><\/div>\n\t\t\t\t\t\t\t\n\t\t\t\t\t\t<\/div>\n\t\t\t\t\t<\/div>\n\t\t\t\t<\/div>\n\t\t\t\t\n\t\t\t\t\n\t\t\t\t\n\t\t\t<\/div>\n\t\t\t\n\t\t\t\t<\/div>\n\t\t\t\t\n\t\t\t<\/div>\n\t\t\t\n\t\t\t<\/div>\n\t\t\t\t\n\t\t\t\t\n\t\t\t\t\n\t\t\t\t\n\t\t\t<\/div><div class=\"et_d4_element et_pb_row et_pb_row_2  et_pb_css_mix_blend_mode et_block_row\">\n\t\t\t\t<div class=\"et_d4_element et_pb_column_4_4 et_pb_column et_pb_column_1  et_pb_css_mix_blend_mode et-last-child et_block_column\">\n\t\t\t\t\n\t\t\t\t\n\t\t\t\t\n\t\t\t\t\n\t\t\t\t<div class=\"et_pb_module et_d4_element et_pb_slider et_pb_slider_1 et_pb_slider_fullwidth_off\">\n\t\t\t\t<div class=\"et_pb_slides\">\n\t\t\t\t\t<div class=\"et_d4_element et_pb_slide et_pb_slide_1  et_pb_css_mix_blend_mode et_pb_bg_layout_dark et_pb_media_alignment_center et-pb-active-slide\" data-slide-id=\"et_pb_slide_1\">\n\t\t\t\t\n\t\t\t\t\n\t\t\t\t<div class=\"et_pb_container clearfix\">\n\t\t\t\t\t<div class=\"et_pb_slider_container_inner\">\n\t\t\t\t\t\t\n\t\t\t\t\t\t<div class=\"et_pb_slide_description\">\n\t\t\t\t\t\t\t<div class=\"et_pb_slide_content\"><h1><a href=\"https:\/\/www.suprabt.com\/wp-content\/uploads\/2024\/07\/urovo-1.svg\"><img loading=\"lazy\" decoding=\"async\" src=\"https:\/\/www.suprabt.com\/wp-content\/uploads\/2024\/07\/urovo-1.svg\" width=\"168\" height=\"52\" alt=\"\" class=\"wp-image-30921 alignnone size-full\"><\/a><\/h1>\n<p style=\"text-align: justify;\"><strong>A SupraBT tem o prazer de anunciar uma nova parceria estrat\u00e9gica com a Urovo, fornecedora l\u00edder de solu\u00e7\u00f5es inovadoras de computa\u00e7\u00e3o m\u00f3vel e pagamento.<\/strong><\/p>\n<p style=\"text-align: justify;\">Esta colabora\u00e7\u00e3o trar\u00e1 os produtos de pr\u00f3xima gera\u00e7\u00e3o da Urovo, incluindo computadores m\u00f3veis, dispositivos RFID e tablets empresariais, para o mercado latino-americano, melhorando nosso portf\u00f3lio e fornecendo solu\u00e7\u00f5es tecnol\u00f3gicas abrangentes e de ponta aos nossos clientes.<\/p>\n<p style=\"text-align: justify;\">O compromisso da Urovo com a excel\u00eancia \u00e9 evidente nos seus produtos premiados, como os computadores m\u00f3veis DT50 5G e RT40, que foram reconhecidos pelo seu design e funcionalidade excepcionais. Com os pontos fortes da Urovo em solu\u00e7\u00f5es inteligentes de log\u00edstica, armazenamento e sa\u00fade, estamos confiantes de que esta parceria capacitar\u00e1 as empresas em toda a Am\u00e9rica Latina com as ferramentas de que necessitam para prosperar na era digital.<\/p>\n<p style=\"text-align: justify;\">A SupraBT continua dedicada a fornecer servi\u00e7os e suporte excepcionais, garantindo a integra\u00e7\u00e3o perfeita dos produtos Urovo nos diversos cen\u00e1rios de neg\u00f3cios de nossos clientes. Juntos, estamos estabelecendo um novo padr\u00e3o de inova\u00e7\u00e3o e confiabilidade na ind\u00fastria.<\/p>\n<p style=\"text-align: right;\">17 de julho de 2024<\/p><\/div>\n\t\t\t\t\t\t\t\n\t\t\t\t\t\t<\/div>\n\t\t\t\t\t<\/div>\n\t\t\t\t<\/div>\n\t\t\t\t\n\t\t\t\t\n\t\t\t\t\n\t\t\t<\/div>\n\t\t\t\n\t\t\t\t<\/div>\n\t\t\t\t\n\t\t\t<\/div>\n\t\t\t\n\t\t\t<\/div>\n\t\t\t\t\n\t\t\t\t\n\t\t\t\t\n\t\t\t\t\n\t\t\t<\/div><div class=\"et_d4_element et_pb_row et_pb_row_3  et_pb_css_mix_blend_mode et_block_row\">\n\t\t\t\t<div class=\"et_d4_element et_pb_column_4_4 et_pb_column et_pb_column_2  et_pb_css_mix_blend_mode et-last-child et_block_column\">\n\t\t\t\t\n\t\t\t\t\n\t\t\t\t\n\t\t\t\t\n\t\t\t\t<div class=\"et_pb_module et_d4_element et_pb_slider et_pb_slider_2 et_pb_slider_fullwidth_off\">\n\t\t\t\t<div class=\"et_pb_slides\">\n\t\t\t\t\t<div class=\"et_d4_element et_pb_slide et_pb_slide_2  et_pb_css_mix_blend_mode et_pb_bg_layout_dark et_pb_media_alignment_center et-pb-active-slide\" data-slide-id=\"et_pb_slide_2\">\n\t\t\t\t\n\t\t\t\t\n\t\t\t\t<div class=\"et_pb_container clearfix\">\n\t\t\t\t\t<div class=\"et_pb_slider_container_inner\">\n\t\t\t\t\t\t\n\t\t\t\t\t\t<div class=\"et_pb_slide_description\">\n\t\t\t\t\t\t\t<div class=\"et_pb_slide_content\"><h1>Broadcom adquire a VMWare<\/h1>\n<p><span>A transa\u00e7\u00e3o da Broadcom com a VMware<a href=\"https:\/\/www.broadcom.com\/info\/vmware\" target=\"_blank\" rel=\"noopener\">(https:\/\/www.broadcom.com\/info\/vmware)<\/a> consiste na aquisi\u00e7\u00e3o da unidade de neg\u00f3cios de software empresarial da VMware pela Broadcom por US$ 2,7 bilh\u00f5es. Essa unidade inclui produtos como vRealize, vSphere, NSX e outros, que s\u00e3o amplamente usados pelos clientes da VMware para gerenciar suas infraestruturas virtuais e de nuvem.<\/span><\/p>\n<p><span>O escrit\u00f3rio da SupraBT na Venezuela foi autorizado com sucesso como Registered Tier VMWare Reseller no Broadcom Advantage Partner Program. <\/span><span>O programa Broadcom Advantage Partner foi projetado com \u00eanfase no fornecimento de solu\u00e7\u00f5es confi\u00e1veis aos clientes, promovendo o crescimento dos neg\u00f3cios e acelerando o sucesso.<\/span><\/p>\n<p><img loading=\"lazy\" decoding=\"async\" src=\"https:\/\/www.suprabt.com\/wp-content\/uploads\/2024\/04\/Registered.jpg\" width=\"100\" height=\"100\" alt=\"\" class=\"wp-image-30767 alignnone size-full\" srcset=\"https:\/\/www.suprabt.com\/wp-content\/uploads\/2024\/04\/Registered.jpg 273w, https:\/\/www.suprabt.com\/wp-content\/uploads\/2024\/04\/Registered-150x150.jpg 150w\" sizes=\"(max-width: 100px) 100vw, 100px\" \/><span><\/span><\/p>\n<p style=\"text-align: right;\">26 de mar\u00e7o de 2024<\/p><\/div>\n\t\t\t\t\t\t\t\n\t\t\t\t\t\t<\/div>\n\t\t\t\t\t<\/div>\n\t\t\t\t<\/div>\n\t\t\t\t\n\t\t\t\t\n\t\t\t\t\n\t\t\t<\/div>\n\t\t\t\n\t\t\t\t<\/div>\n\t\t\t\t\n\t\t\t<\/div>\n\t\t\t\n\t\t\t<\/div>\n\t\t\t\t\n\t\t\t\t\n\t\t\t\t\n\t\t\t\t\n\t\t\t<\/div><div class=\"et_d4_element et_pb_row et_pb_row_4  et_pb_css_mix_blend_mode et_block_row\">\n\t\t\t\t<div class=\"et_d4_element et_pb_column_4_4 et_pb_column et_pb_column_3  et_pb_css_mix_blend_mode et-last-child et_block_column\">\n\t\t\t\t\n\t\t\t\t\n\t\t\t\t\n\t\t\t\t\n\t\t\t\t<div class=\"et_pb_module et_d4_element et_pb_slider et_pb_slider_3 et_pb_slider_fullwidth_off\">\n\t\t\t\t<div class=\"et_pb_slides\">\n\t\t\t\t\t<div class=\"et_d4_element et_pb_slide et_pb_slide_3  et_pb_css_mix_blend_mode et_pb_bg_layout_dark et_pb_media_alignment_center et-pb-active-slide\" data-slide-id=\"et_pb_slide_3\">\n\t\t\t\t\n\t\t\t\t\n\t\t\t\t<div class=\"et_pb_container clearfix\">\n\t\t\t\t\t<div class=\"et_pb_slider_container_inner\">\n\t\t\t\t\t\t\n\t\t\t\t\t\t<div class=\"et_pb_slide_description\">\n\t\t\t\t\t\t\t<div class=\"et_pb_slide_content\"><p><img loading=\"lazy\" decoding=\"async\" src=\"https:\/\/www.suprabt.com\/wp-content\/uploads\/2024\/01\/Logo-SupraBT-02-e1704342069313-300x67.png\" width=\"269\" height=\"60\" alt=\"\" class=\"wp-image-29644 alignnone size-medium\"><span><\/span><\/p>\n<p><span>A SupraBT, l\u00edder no fornecimento de solu\u00e7\u00f5es e servi\u00e7os de TI e neg\u00f3cios para empresas localizadas na Am\u00e9rica Latina, tem o orgulho de anunciar seu plano interno de desenvolvimento de capacidade de maturidade de marketing digital, uma iniciativa estrat\u00e9gica para aprimorar sua jornada de transforma\u00e7\u00e3o digital. O plano consiste em cinco pilares: identidade digital, engajamento organizacional, estrutura anal\u00edtica, gerenciamento do relacionamento com o cliente e planejamento e execu\u00e7\u00e3o de campanhas. Como parte do primeiro pilar, a SupraBT lan\u00e7ou seu novo site <a href=\"https:\/\/www.suprabt.com\/?lang=pt-br\" target=\"_blank\" rel=\"noopener nofollow noreferrer\">www.suprabt.com,<\/a> que apresenta seus servi\u00e7os e solu\u00e7\u00f5es, destaca sua marca conjunta com parceiros e aprimora sua gera\u00e7\u00e3o de leads e presen\u00e7a na m\u00eddia social. A SupraBT pretende avan\u00e7ar nos demais pilares ao longo de 2024 para acompanhar as mudan\u00e7as nas necessidades de seus clientes B2B e oferecer solu\u00e7\u00f5es de valor agregado.<\/span><\/p>\n<p style=\"text-align: right;\">8 de janeiro de 2024<\/p><\/div>\n\t\t\t\t\t\t\t\n\t\t\t\t\t\t<\/div>\n\t\t\t\t\t<\/div>\n\t\t\t\t<\/div>\n\t\t\t\t\n\t\t\t\t\n\t\t\t\t\n\t\t\t<\/div>\n\t\t\t\n\t\t\t\t<\/div>\n\t\t\t\t\n\t\t\t<\/div>\n\t\t\t\n\t\t\t<\/div>\n\t\t\t\t\n\t\t\t\t\n\t\t\t\t\n\t\t\t\t\n\t\t\t<\/div><div class=\"et_d4_element et_pb_row et_pb_row_5  et_pb_css_mix_blend_mode et_block_row\">\n\t\t\t\t<div class=\"et_d4_element et_pb_column_2_5 et_pb_column et_pb_column_4  et_pb_css_mix_blend_mode et_block_column\">\n\t\t\t\t\n\t\t\t\t\n\t\t\t\t\n\t\t\t\t\n\t\t\t\t<div class=\"et_pb_module et_d4_element dsm_icon_list dsm_icon_list_0\">\n\t\t\t\t\n\t\t\t\t\n\t\t\t\t\n\t\t\t\t\n\t\t\t\t\n\t\t\t\t\n\t\t\t\t<div class=\"et_pb_module_inner\">\n\t\t\t\t\t<ul class=\"dsm_icon_list_items dsm_icon_list_ltr_direction dsm_icon_list_layout_vertical\"><li class=\"et_d4_element dsm_icon_list_child dsm_icon_list_child_0\">\n\t\t\t\t\n\t\t\t\t\n\t\t\t\t\n\t\t\t\t\n\t\t\t\t<a href=\"https:\/\/www.suprabt.com\/pt-br\/blog\/\" target=\"_blank\"><span class=\"dsm_icon_list_wrapper\"><\/span><span class=\"dsm_icon_list_text\">Blog<\/span><\/a>\n\t\t\t<\/li><li class=\"et_d4_element dsm_icon_list_child dsm_icon_list_child_1\">\n\t\t\t\t\n\t\t\t\t\n\t\t\t\t\n\t\t\t\t\n\t\t\t\t<a href=\"https:\/\/www.suprabt.com\/pt-br\/impresa\/\"><span class=\"dsm_icon_list_wrapper\"><\/span><span class=\"dsm_icon_list_text\">Imprensa<\/span><\/a>\n\t\t\t<\/li><li class=\"et_d4_element dsm_icon_list_child dsm_icon_list_child_2\">\n\t\t\t\t\n\t\t\t\t\n\t\t\t\t\n\t\t\t\t\n\t\t\t\t<a href=\"https:\/\/www.linkedin.com\/company\/suprabt\" target=\"_blank\"><span class=\"dsm_icon_list_wrapper\"><\/span><span class=\"dsm_icon_list_text\">Vagas<\/span><\/a>\n\t\t\t<\/li><li class=\"et_d4_element dsm_icon_list_child dsm_icon_list_child_3\">\n\t\t\t\t\n\t\t\t\t\n\t\t\t\t\n\t\t\t\t\n\t\t\t\t<a href=\"https:\/\/www.suprabt.com\/pt-br\/responsabilidade-social-corporativa\/\"><span class=\"dsm_icon_list_wrapper\"><\/span><span class=\"dsm_icon_list_text\"> Responsabilidade Social Corporativa<\/span><\/a>\n\t\t\t<\/li><li class=\"et_d4_element dsm_icon_list_child dsm_icon_list_child_4\">\n\t\t\t\t\n\t\t\t\t\n\t\t\t\t\n\t\t\t\t\n\t\t\t\t<span class=\"dsm_icon_list_wrapper\"><\/span><span class=\"dsm_icon_list_text\">Termos de uso <\/span>\n\t\t\t<\/li><li class=\"et_d4_element dsm_icon_list_child dsm_icon_list_child_5\">\n\t\t\t\t\n\t\t\t\t\n\t\t\t\t\n\t\t\t\t\n\t\t\t\t<span class=\"dsm_icon_list_wrapper\"><\/span><span class=\"dsm_icon_list_text\">Pol\u00edtica de privacidade<\/span>\n\t\t\t<\/li><\/ul>\n\t\t\t\t<\/div>\n\t\t\t<\/div><ul class=\"et_pb_module et_d4_element et_pb_social_media_follow et_pb_social_media_follow_0 clearfix  et_pb_bg_layout_light\">\n\t\t\t\t\n\t\t\t\t\n\t\t\t\t\n\t\t\t\t\n\t\t\t\t<li\n            class='et_d4_element et_pb_social_media_follow_network_0 et_pb_social_icon et_block_module et_pb_social_network_link  et-social-facebook et_pb_social_media_follow_network'><a\n              href='https:\/\/www.facebook.com\/SupraBT\/?locale=es_LA'\n              class='icon et_pb_with_border'\n              title='Seguir no Facebook'\n               target=\"_blank\"><span\n                class='et_pb_social_media_follow_network_name'\n                aria-hidden='true'\n                >Seguir<\/span><\/a><\/li><li\n            class='et_d4_element et_pb_social_media_follow_network_1 et_pb_social_icon et_block_module et_pb_social_network_link  et-social-twitter et_pb_social_media_follow_network'><a\n              href='https:\/\/twitter.com\/SupraBT'\n              class='icon et_pb_with_border'\n              title='Seguir no X'\n               target=\"_blank\"><span\n                class='et_pb_social_media_follow_network_name'\n                aria-hidden='true'\n                >Seguir<\/span><\/a><\/li><li\n            class='et_d4_element et_pb_social_media_follow_network_2 et_pb_social_icon et_block_module et_pb_social_network_link  et-social-linkedin et_pb_social_media_follow_network'><a\n              href='https:\/\/ve.linkedin.com\/company\/suprabt'\n              class='icon et_pb_with_border'\n              title='Seguir no LinkedIn'\n               target=\"_blank\"><span\n                class='et_pb_social_media_follow_network_name'\n                aria-hidden='true'\n                >Seguir<\/span><\/a><\/li><li\n            class='et_d4_element et_pb_social_media_follow_network_3 et_pb_social_icon et_block_module et_pb_social_network_link  et-social-instagram et_pb_social_media_follow_network'><a\n              href='https:\/\/www.instagram.com\/suprabtlatam\/?hl=es'\n              class='icon et_pb_with_border'\n              title='Seguir no Instagram'\n               target=\"_blank\"><span\n                class='et_pb_social_media_follow_network_name'\n                aria-hidden='true'\n                >Seguir<\/span><\/a><\/li>\n\t\t\t<\/ul>\n\t\t\t<\/div><div class=\"et_d4_element et_pb_column_3_5 et_pb_column et_pb_column_5  et_pb_css_mix_blend_mode et-last-child et_block_column\">\n\t\t\t\t\n\t\t\t\t\n\t\t\t\t\n\t\t\t\t\n\t\t\t\t<div class=\"et_pb_module et_d4_element et_pb_text et_pb_text_0  et_pb_text_align_left et_pb_bg_layout_light\">\n\t\t\t\t\n\t\t\t\t\n\t\t\t\t\n\t\t\t\t\n\t\t\t\t<div class=\"et_pb_text_inner\"><p><img loading=\"lazy\" decoding=\"async\" src=\"https:\/\/www.suprabt.com\/wp-content\/uploads\/2023\/06\/Logo-SupraBT-e1696803666841-300x60.png\" width=\"165\" height=\"33\" alt=\"\" class=\"wp-image-3296 alignnone size-medium\"><\/p>\n<p style=\"text-align: justify\"><span style=\"font-weight: 400\">A SupraBT \u00e9 uma empresa que fornece produtos e servi\u00e7os tecnol\u00f3gicos de vanguarda, comprometida com os objetivos de seus clientes, projetando solu\u00e7\u00f5es que atendam \u00e0s suas necessidades, seguindo metodologias certificadas, contando com a tecnologia mais avan\u00e7ada de seus parceiros e alcan\u00e7ando processos de neg\u00f3cios otimizados para atingir as expectativas desejadas.<\/span><\/p><\/div>\n\t\t\t<\/div>\n\t\t\t<\/div>\n\t\t\t\t\n\t\t\t\t\n\t\t\t\t\n\t\t\t\t\n\t\t\t<\/div>\n\t\t\t\t\n\t\t\t\t\n\t\t\t<\/div>\n","protected":false},"excerpt":{"rendered":"","protected":false},"author":1,"featured_media":0,"parent":0,"menu_order":0,"comment_status":"closed","ping_status":"closed","template":"","meta":{"content-type":"","_et_pb_use_builder":"on","_et_pb_old_content":"","_et_gb_content_width":"","footnotes":""},"class_list":["post-29660","page","type-page","status-publish","hentry"],"yoast_head":"<!-- This site is optimized with the Yoast SEO plugin v27.5 - https:\/\/yoast.com\/product\/yoast-seo-wordpress\/ -->\n<title>Imprensa - SupraBT<\/title>\n<meta name=\"robots\" content=\"index, follow, max-snippet:-1, max-image-preview:large, max-video-preview:-1\" \/>\n<link rel=\"canonical\" href=\"https:\/\/www.suprabt.com\/pt-br\/impresa\/\" \/>\n<meta property=\"og:locale\" content=\"pt_BR\" \/>\n<meta property=\"og:type\" content=\"article\" \/>\n<meta property=\"og:title\" content=\"Imprensa - SupraBT\" \/>\n<meta property=\"og:url\" content=\"https:\/\/www.suprabt.com\/pt-br\/impresa\/\" \/>\n<meta property=\"og:site_name\" content=\"SupraBT\" \/>\n<meta property=\"article:modified_time\" content=\"2026-04-27T11:48:54+00:00\" \/>\n<meta property=\"og:image\" content=\"https:\/\/www.suprabt.com\/wp-content\/uploads\/2024\/01\/Logo-SupraBT-02-e1704342069313.png\" \/>\n\t<meta property=\"og:image:width\" content=\"3502\" \/>\n\t<meta property=\"og:image:height\" content=\"787\" \/>\n\t<meta property=\"og:image:type\" content=\"image\/png\" \/>\n<meta name=\"twitter:card\" content=\"summary_large_image\" \/>\n<meta name=\"twitter:label1\" content=\"Est. tempo de leitura\" \/>\n\t<meta name=\"twitter:data1\" content=\"13 minutos\" \/>\n<script type=\"application\/ld+json\" class=\"yoast-schema-graph\">{\"@context\":\"https:\\\/\\\/schema.org\",\"@graph\":[{\"@type\":\"WebPage\",\"@id\":\"https:\\\/\\\/www.suprabt.com\\\/pt-br\\\/impresa\\\/\",\"url\":\"https:\\\/\\\/www.suprabt.com\\\/pt-br\\\/impresa\\\/\",\"name\":\"Imprensa - SupraBT\",\"isPartOf\":{\"@id\":\"https:\\\/\\\/www.suprabt.com\\\/pt-br\\\/#website\"},\"primaryImageOfPage\":{\"@id\":\"https:\\\/\\\/www.suprabt.com\\\/pt-br\\\/impresa\\\/#primaryimage\"},\"image\":{\"@id\":\"https:\\\/\\\/www.suprabt.com\\\/pt-br\\\/impresa\\\/#primaryimage\"},\"thumbnailUrl\":\"https:\\\/\\\/www.suprabt.com\\\/wp-content\\\/uploads\\\/2024\\\/01\\\/Logo-SupraBT-02-e1704342069313-300x67.png\",\"datePublished\":\"2024-01-19T19:59:10+00:00\",\"dateModified\":\"2026-04-27T11:48:54+00:00\",\"breadcrumb\":{\"@id\":\"https:\\\/\\\/www.suprabt.com\\\/pt-br\\\/impresa\\\/#breadcrumb\"},\"inLanguage\":\"pt-BR\",\"potentialAction\":[{\"@type\":\"ReadAction\",\"target\":[\"https:\\\/\\\/www.suprabt.com\\\/pt-br\\\/impresa\\\/\"]}]},{\"@type\":\"ImageObject\",\"inLanguage\":\"pt-BR\",\"@id\":\"https:\\\/\\\/www.suprabt.com\\\/pt-br\\\/impresa\\\/#primaryimage\",\"url\":\"https:\\\/\\\/www.suprabt.com\\\/wp-content\\\/uploads\\\/2024\\\/01\\\/Logo-SupraBT-02-e1704342069313-300x67.png\",\"contentUrl\":\"https:\\\/\\\/www.suprabt.com\\\/wp-content\\\/uploads\\\/2024\\\/01\\\/Logo-SupraBT-02-e1704342069313-300x67.png\"},{\"@type\":\"BreadcrumbList\",\"@id\":\"https:\\\/\\\/www.suprabt.com\\\/pt-br\\\/impresa\\\/#breadcrumb\",\"itemListElement\":[{\"@type\":\"ListItem\",\"position\":1,\"name\":\"Portada\",\"item\":\"https:\\\/\\\/www.suprabt.com\\\/\"},{\"@type\":\"ListItem\",\"position\":2,\"name\":\"Imprensa\"}]},{\"@type\":\"WebSite\",\"@id\":\"https:\\\/\\\/www.suprabt.com\\\/pt-br\\\/#website\",\"url\":\"https:\\\/\\\/www.suprabt.com\\\/pt-br\\\/\",\"name\":\"SupraBT\",\"description\":\"Information Technology and Business Services for Latin America\",\"publisher\":{\"@id\":\"https:\\\/\\\/www.suprabt.com\\\/pt-br\\\/#organization\"},\"potentialAction\":[{\"@type\":\"SearchAction\",\"target\":{\"@type\":\"EntryPoint\",\"urlTemplate\":\"https:\\\/\\\/www.suprabt.com\\\/pt-br\\\/?s={search_term_string}\"},\"query-input\":{\"@type\":\"PropertyValueSpecification\",\"valueRequired\":true,\"valueName\":\"search_term_string\"}}],\"inLanguage\":\"pt-BR\"},{\"@type\":\"Organization\",\"@id\":\"https:\\\/\\\/www.suprabt.com\\\/pt-br\\\/#organization\",\"name\":\"SupraBT\",\"url\":\"https:\\\/\\\/www.suprabt.com\\\/pt-br\\\/\",\"logo\":{\"@type\":\"ImageObject\",\"inLanguage\":\"pt-BR\",\"@id\":\"https:\\\/\\\/www.suprabt.com\\\/pt-br\\\/#\\\/schema\\\/logo\\\/image\\\/\",\"url\":\"https:\\\/\\\/www.suprabt.com\\\/wp-content\\\/uploads\\\/2022\\\/07\\\/FINAL_logosuprabt.png\",\"contentUrl\":\"https:\\\/\\\/www.suprabt.com\\\/wp-content\\\/uploads\\\/2022\\\/07\\\/FINAL_logosuprabt.png\",\"width\":5100,\"height\":3300,\"caption\":\"SupraBT\"},\"image\":{\"@id\":\"https:\\\/\\\/www.suprabt.com\\\/pt-br\\\/#\\\/schema\\\/logo\\\/image\\\/\"}}]}<\/script>\n<!-- \/ Yoast SEO plugin. -->","yoast_head_json":{"title":"Imprensa - SupraBT","robots":{"index":"index","follow":"follow","max-snippet":"max-snippet:-1","max-image-preview":"max-image-preview:large","max-video-preview":"max-video-preview:-1"},"canonical":"https:\/\/www.suprabt.com\/pt-br\/impresa\/","og_locale":"pt_BR","og_type":"article","og_title":"Imprensa - SupraBT","og_url":"https:\/\/www.suprabt.com\/pt-br\/impresa\/","og_site_name":"SupraBT","article_modified_time":"2026-04-27T11:48:54+00:00","og_image":[{"width":3502,"height":787,"url":"https:\/\/www.suprabt.com\/wp-content\/uploads\/2024\/01\/Logo-SupraBT-02-e1704342069313.png","type":"image\/png"}],"twitter_card":"summary_large_image","twitter_misc":{"Est. tempo de leitura":"13 minutos"},"schema":{"@context":"https:\/\/schema.org","@graph":[{"@type":"WebPage","@id":"https:\/\/www.suprabt.com\/pt-br\/impresa\/","url":"https:\/\/www.suprabt.com\/pt-br\/impresa\/","name":"Imprensa - SupraBT","isPartOf":{"@id":"https:\/\/www.suprabt.com\/pt-br\/#website"},"primaryImageOfPage":{"@id":"https:\/\/www.suprabt.com\/pt-br\/impresa\/#primaryimage"},"image":{"@id":"https:\/\/www.suprabt.com\/pt-br\/impresa\/#primaryimage"},"thumbnailUrl":"https:\/\/www.suprabt.com\/wp-content\/uploads\/2024\/01\/Logo-SupraBT-02-e1704342069313-300x67.png","datePublished":"2024-01-19T19:59:10+00:00","dateModified":"2026-04-27T11:48:54+00:00","breadcrumb":{"@id":"https:\/\/www.suprabt.com\/pt-br\/impresa\/#breadcrumb"},"inLanguage":"pt-BR","potentialAction":[{"@type":"ReadAction","target":["https:\/\/www.suprabt.com\/pt-br\/impresa\/"]}]},{"@type":"ImageObject","inLanguage":"pt-BR","@id":"https:\/\/www.suprabt.com\/pt-br\/impresa\/#primaryimage","url":"https:\/\/www.suprabt.com\/wp-content\/uploads\/2024\/01\/Logo-SupraBT-02-e1704342069313-300x67.png","contentUrl":"https:\/\/www.suprabt.com\/wp-content\/uploads\/2024\/01\/Logo-SupraBT-02-e1704342069313-300x67.png"},{"@type":"BreadcrumbList","@id":"https:\/\/www.suprabt.com\/pt-br\/impresa\/#breadcrumb","itemListElement":[{"@type":"ListItem","position":1,"name":"Portada","item":"https:\/\/www.suprabt.com\/"},{"@type":"ListItem","position":2,"name":"Imprensa"}]},{"@type":"WebSite","@id":"https:\/\/www.suprabt.com\/pt-br\/#website","url":"https:\/\/www.suprabt.com\/pt-br\/","name":"SupraBT","description":"Information Technology and Business Services for Latin America","publisher":{"@id":"https:\/\/www.suprabt.com\/pt-br\/#organization"},"potentialAction":[{"@type":"SearchAction","target":{"@type":"EntryPoint","urlTemplate":"https:\/\/www.suprabt.com\/pt-br\/?s={search_term_string}"},"query-input":{"@type":"PropertyValueSpecification","valueRequired":true,"valueName":"search_term_string"}}],"inLanguage":"pt-BR"},{"@type":"Organization","@id":"https:\/\/www.suprabt.com\/pt-br\/#organization","name":"SupraBT","url":"https:\/\/www.suprabt.com\/pt-br\/","logo":{"@type":"ImageObject","inLanguage":"pt-BR","@id":"https:\/\/www.suprabt.com\/pt-br\/#\/schema\/logo\/image\/","url":"https:\/\/www.suprabt.com\/wp-content\/uploads\/2022\/07\/FINAL_logosuprabt.png","contentUrl":"https:\/\/www.suprabt.com\/wp-content\/uploads\/2022\/07\/FINAL_logosuprabt.png","width":5100,"height":3300,"caption":"SupraBT"},"image":{"@id":"https:\/\/www.suprabt.com\/pt-br\/#\/schema\/logo\/image\/"}}]}},"_links":{"self":[{"href":"https:\/\/www.suprabt.com\/pt-br\/wp-json\/wp\/v2\/pages\/29660","targetHints":{"allow":["GET"]}}],"collection":[{"href":"https:\/\/www.suprabt.com\/pt-br\/wp-json\/wp\/v2\/pages"}],"about":[{"href":"https:\/\/www.suprabt.com\/pt-br\/wp-json\/wp\/v2\/types\/page"}],"author":[{"embeddable":true,"href":"https:\/\/www.suprabt.com\/pt-br\/wp-json\/wp\/v2\/users\/1"}],"replies":[{"embeddable":true,"href":"https:\/\/www.suprabt.com\/pt-br\/wp-json\/wp\/v2\/comments?post=29660"}],"version-history":[{"count":24,"href":"https:\/\/www.suprabt.com\/pt-br\/wp-json\/wp\/v2\/pages\/29660\/revisions"}],"predecessor-version":[{"id":34675,"href":"https:\/\/www.suprabt.com\/pt-br\/wp-json\/wp\/v2\/pages\/29660\/revisions\/34675"}],"wp:attachment":[{"href":"https:\/\/www.suprabt.com\/pt-br\/wp-json\/wp\/v2\/media?parent=29660"}],"curies":[{"name":"wp","href":"https:\/\/api.w.org\/{rel}","templated":true}]}}